{"id":4580,"date":"2023-03-22T11:44:26","date_gmt":"2023-03-22T11:44:26","guid":{"rendered":"https:\/\/andreugenestra.com\/equipo\/"},"modified":"2024-03-10T21:49:01","modified_gmt":"2024-03-10T21:49:01","slug":"team","status":"publish","type":"page","link":"https:\/\/andreugenestra.com\/de\/team\/","title":{"rendered":"Team"},"content":{"rendered":"\t\t<div data-elementor-type=\"wp-page\" data-elementor-id=\"4580\" class=\"elementor elementor-4580 elementor-4054\">\n\t\t\t\t\t\t<section class=\"elementor-section elementor-top-section elementor-element elementor-element-9010289 elementor-section-boxed elementor-section-height-default elementor-section-height-default\" data-id=\"9010289\" data-element_type=\"section\" data-e-type=\"section\">\n\t\t\t\t\t\t<div class=\"elementor-container elementor-column-gap-default\">\n\t\t\t\t\t<div class=\"elementor-column elementor-col-100 elementor-top-column elementor-element elementor-element-688b989\" data-id=\"688b989\" data-element_type=\"column\" data-e-type=\"column\">\n\t\t\t<div class=\"elementor-widget-wrap elementor-element-populated\">\n\t\t\t\t\t\t<div class=\"elementor-element elementor-element-bfb76b1 elementor-widget elementor-widget-spacer\" data-id=\"bfb76b1\" data-element_type=\"widget\" data-e-type=\"widget\" data-widget_type=\"spacer.default\">\n\t\t\t\t<div class=\"elementor-widget-container\">\n\t\t\t\t\t\t\t<div class=\"elementor-spacer\">\n\t\t\t<div class=\"elementor-spacer-inner\"><\/div>\n\t\t<\/div>\n\t\t\t\t\t\t<\/div>\n\t\t\t\t<\/div>\n\t\t\t\t\t<\/div>\n\t\t<\/div>\n\t\t\t\t\t<\/div>\n\t\t<\/section>\n\t\t\t\t<section class=\"elementor-section elementor-top-section elementor-element elementor-element-8f13658 elementor-section-content-bottom elementor-section-boxed elementor-section-height-default elementor-section-height-default\" data-id=\"8f13658\" data-element_type=\"section\" data-e-type=\"section\" data-settings=\"{&quot;background_background&quot;:&quot;classic&quot;}\">\n\t\t\t\t\t\t\t<div class=\"elementor-background-overlay\"><\/div>\n\t\t\t\t\t\t\t<div class=\"elementor-container elementor-column-gap-no\">\n\t\t\t\t\t<div class=\"elementor-column elementor-col-33 elementor-top-column elementor-element elementor-element-c712f39\" data-id=\"c712f39\" data-element_type=\"column\" data-e-type=\"column\">\n\t\t\t<div class=\"elementor-widget-wrap\">\n\t\t\t\t\t\t\t<\/div>\n\t\t<\/div>\n\t\t\t\t<div class=\"elementor-column elementor-col-33 elementor-top-column elementor-element elementor-element-9fe529a\" data-id=\"9fe529a\" data-element_type=\"column\" data-e-type=\"column\">\n\t\t\t<div class=\"elementor-widget-wrap elementor-element-populated\">\n\t\t\t\t\t\t<div class=\"elementor-element elementor-element-9388919 elementor-widget elementor-widget-spacer\" data-id=\"9388919\" data-element_type=\"widget\" data-e-type=\"widget\" data-widget_type=\"spacer.default\">\n\t\t\t\t<div class=\"elementor-widget-container\">\n\t\t\t\t\t\t\t<div class=\"elementor-spacer\">\n\t\t\t<div class=\"elementor-spacer-inner\"><\/div>\n\t\t<\/div>\n\t\t\t\t\t\t<\/div>\n\t\t\t\t<\/div>\n\t\t\t\t<div class=\"elementor-element elementor-element-5a6a5aa elementor-widget elementor-widget-heading\" data-id=\"5a6a5aa\" data-element_type=\"widget\" data-e-type=\"widget\" data-widget_type=\"heading.default\">\n\t\t\t\t<div class=\"elementor-widget-container\">\n\t\t\t\t\t<div class=\"elementor-heading-title elementor-size-default\">El equipo<\/div>\t\t\t\t<\/div>\n\t\t\t\t<\/div>\n\t\t\t\t<div class=\"elementor-element elementor-element-912590b elementor-widget elementor-widget-spacer\" data-id=\"912590b\" data-element_type=\"widget\" data-e-type=\"widget\" data-widget_type=\"spacer.default\">\n\t\t\t\t<div class=\"elementor-widget-container\">\n\t\t\t\t\t\t\t<div class=\"elementor-spacer\">\n\t\t\t<div class=\"elementor-spacer-inner\"><\/div>\n\t\t<\/div>\n\t\t\t\t\t\t<\/div>\n\t\t\t\t<\/div>\n\t\t\t\t<div class=\"elementor-element elementor-element-3960e1e elementor-widget elementor-widget-heading\" data-id=\"3960e1e\" data-element_type=\"widget\" data-e-type=\"widget\" data-widget_type=\"heading.default\">\n\t\t\t\t<div class=\"elementor-widget-container\">\n\t\t\t\t\t<div class=\"elementor-heading-title elementor-size-default\">Wir bei Andreu Genestra glauben, dass ein au\u00dfergew\u00f6hnliches kulinarisches Erlebnis zu einem gro\u00dfen Teil von der Hingabe und dem Talent unserer Mitarbeiter abh\u00e4ngt.<\/div>\t\t\t\t<\/div>\n\t\t\t\t<\/div>\n\t\t\t\t<div class=\"elementor-element elementor-element-a2b8d61 elementor-widget elementor-widget-spacer\" data-id=\"a2b8d61\" data-element_type=\"widget\" data-e-type=\"widget\" data-widget_type=\"spacer.default\">\n\t\t\t\t<div class=\"elementor-widget-container\">\n\t\t\t\t\t\t\t<div class=\"elementor-spacer\">\n\t\t\t<div class=\"elementor-spacer-inner\"><\/div>\n\t\t<\/div>\n\t\t\t\t\t\t<\/div>\n\t\t\t\t<\/div>\n\t\t\t\t<div class=\"elementor-element elementor-element-cd8650a elementor-widget elementor-widget-spacer\" data-id=\"cd8650a\" data-element_type=\"widget\" data-e-type=\"widget\" data-widget_type=\"spacer.default\">\n\t\t\t\t<div class=\"elementor-widget-container\">\n\t\t\t\t\t\t\t<div class=\"elementor-spacer\">\n\t\t\t<div class=\"elementor-spacer-inner\"><\/div>\n\t\t<\/div>\n\t\t\t\t\t\t<\/div>\n\t\t\t\t<\/div>\n\t\t\t\t\t<\/div>\n\t\t<\/div>\n\t\t\t\t<div class=\"elementor-column elementor-col-33 elementor-top-column elementor-element elementor-element-ba2a67a\" data-id=\"ba2a67a\" data-element_type=\"column\" data-e-type=\"column\">\n\t\t\t<div class=\"elementor-widget-wrap\">\n\t\t\t\t\t\t\t<\/div>\n\t\t<\/div>\n\t\t\t\t\t<\/div>\n\t\t<\/section>\n\t\t\t\t<section class=\"elementor-section elementor-top-section elementor-element elementor-element-ae3805d elementor-section-content-middle elementor-section-boxed elementor-section-height-default elementor-section-height-default\" data-id=\"ae3805d\" data-element_type=\"section\" data-e-type=\"section\">\n\t\t\t\t\t\t<div class=\"elementor-container elementor-column-gap-default\">\n\t\t\t\t\t<div class=\"elementor-column elementor-col-50 elementor-top-column elementor-element elementor-element-c0f6602\" data-id=\"c0f6602\" data-element_type=\"column\" data-e-type=\"column\">\n\t\t\t<div class=\"elementor-widget-wrap elementor-element-populated\">\n\t\t\t\t\t\t<div class=\"elementor-element elementor-element-a06d402 elementor-widget elementor-widget-image\" data-id=\"a06d402\" data-element_type=\"widget\" data-e-type=\"widget\" data-widget_type=\"image.default\">\n\t\t\t\t<div class=\"elementor-widget-container\">\n\t\t\t\t\t\t\t\t\t\t\t\t\t\t\t<img fetchpriority=\"high\" decoding=\"async\" width=\"615\" height=\"615\" src=\"https:\/\/andreugenestra.com\/wp-content\/uploads\/2023\/03\/foto-andreu-genestra.jpg\" class=\"attachment-large size-large wp-image-4486\" alt=\"Andreu Genestra Chef del restaurante\" srcset=\"https:\/\/andreugenestra.com\/wp-content\/uploads\/2023\/03\/foto-andreu-genestra.jpg 615w, https:\/\/andreugenestra.com\/wp-content\/uploads\/2023\/03\/foto-andreu-genestra-300x300.jpg 300w, https:\/\/andreugenestra.com\/wp-content\/uploads\/2023\/03\/foto-andreu-genestra-150x150.jpg 150w, https:\/\/andreugenestra.com\/wp-content\/uploads\/2023\/03\/foto-andreu-genestra-100x100.jpg 100w, https:\/\/andreugenestra.com\/wp-content\/uploads\/2023\/03\/elementor\/thumbs\/foto-andreu-genestra-q3jxh18oulwvs10wl1cl514n01wrd8ywr25jiq7b4k.jpg 450w, https:\/\/andreugenestra.com\/wp-content\/uploads\/2023\/03\/elementor\/thumbs\/foto-andreu-genestra-q3jxh18qsrz6cu2vnaqgira0nsnd82425xhtcyyv6c.jpg 610w\" sizes=\"(max-width: 615px) 100vw, 615px\" \/>\t\t\t\t\t\t\t\t\t\t\t\t\t\t\t<\/div>\n\t\t\t\t<\/div>\n\t\t\t\t\t<\/div>\n\t\t<\/div>\n\t\t\t\t<div class=\"elementor-column elementor-col-50 elementor-top-column elementor-element elementor-element-3ff61df\" data-id=\"3ff61df\" data-element_type=\"column\" data-e-type=\"column\">\n\t\t\t<div class=\"elementor-widget-wrap elementor-element-populated\">\n\t\t\t\t\t\t<div class=\"elementor-element elementor-element-44e4e9f elementor-widget elementor-widget-heading\" data-id=\"44e4e9f\" data-element_type=\"widget\" data-e-type=\"widget\" data-widget_type=\"heading.default\">\n\t\t\t\t<div class=\"elementor-widget-container\">\n\t\t\t\t\t<div class=\"elementor-heading-title elementor-size-default\">CHEF<\/div>\t\t\t\t<\/div>\n\t\t\t\t<\/div>\n\t\t\t\t<div class=\"elementor-element elementor-element-ca01fde elementor-widget elementor-widget-heading\" data-id=\"ca01fde\" data-element_type=\"widget\" data-e-type=\"widget\" data-widget_type=\"heading.default\">\n\t\t\t\t<div class=\"elementor-widget-container\">\n\t\t\t\t\t<div class=\"elementor-heading-title elementor-size-default\">Andreu Genestra<\/div>\t\t\t\t<\/div>\n\t\t\t\t<\/div>\n\t\t\t\t<div class=\"elementor-element elementor-element-6aecd5f elementor-widget elementor-widget-text-editor\" data-id=\"6aecd5f\" data-element_type=\"widget\" data-e-type=\"widget\" data-widget_type=\"text-editor.default\">\n\t\t\t\t<div class=\"elementor-widget-container\">\n\t\t\t\t\t\t\t\t\t<p>Er begann seine Karriere in der K\u00fcche, wo er im Alter von nur 15 Jahren T\u00f6pfe und Pfannen in einem Sonnen- und Strandhotel schrubbte. Jahre sp\u00e4ter war er der j\u00fcngste K\u00fcchenchef der Balearen, der einen Michelin-Stern erhielt.<\/p><p>Er hat in den K\u00fcchen des Mugaritz und des El Bulli von Ferran Adri\u00e0 gearbeitet. Er kochte in London, Stockholm, Brasilien, Moskau, Paris, Miami und in Kuwait f\u00fcr die k\u00f6nigliche Familie.<\/p><p>Im April 2011 beschloss er, sein eigenes Restaurant im Predi Son Jaumell Hotel Rural in Capdepera zu er\u00f6ffnen, und der Guide Michelin verlieh ihm seinen ersten Stern. Im Jahr 2020 wurde er mit dem gr\u00fcnen Stern ausgezeichnet, wodurch die Gastronomie von Genestra in Spanien weiter an Bedeutung gewinnt.<\/p>\t\t\t\t\t\t\t\t<\/div>\n\t\t\t\t<\/div>\n\t\t\t\t\t<\/div>\n\t\t<\/div>\n\t\t\t\t\t<\/div>\n\t\t<\/section>\n\t\t\t\t<section class=\"elementor-section elementor-top-section elementor-element elementor-element-fd27878 elementor-section-content-middle elementor-hidden-desktop elementor-hidden-tablet elementor-hidden-mobile elementor-section-boxed elementor-section-height-default elementor-section-height-default\" data-id=\"fd27878\" data-element_type=\"section\" data-e-type=\"section\">\n\t\t\t\t\t\t<div class=\"elementor-container elementor-column-gap-default\">\n\t\t\t\t\t<div class=\"elementor-column elementor-col-50 elementor-top-column elementor-element elementor-element-4cb34ca\" data-id=\"4cb34ca\" data-element_type=\"column\" data-e-type=\"column\">\n\t\t\t<div class=\"elementor-widget-wrap elementor-element-populated\">\n\t\t\t\t\t\t<div class=\"elementor-element elementor-element-558a3fc elementor-widget elementor-widget-image\" data-id=\"558a3fc\" data-element_type=\"widget\" data-e-type=\"widget\" data-widget_type=\"image.default\">\n\t\t\t\t<div class=\"elementor-widget-container\">\n\t\t\t\t\t\t\t\t\t\t\t\t\t\t\t<img decoding=\"async\" src=\"https:\/\/andreugenestra.com\/wp-content\/uploads\/2023\/03\/rafabarrientos.jpg\" title=\"\" alt=\"\" loading=\"lazy\" \/>\t\t\t\t\t\t\t\t\t\t\t\t\t\t\t<\/div>\n\t\t\t\t<\/div>\n\t\t\t\t\t<\/div>\n\t\t<\/div>\n\t\t\t\t<div class=\"elementor-column elementor-col-50 elementor-top-column elementor-element elementor-element-0556663\" data-id=\"0556663\" data-element_type=\"column\" data-e-type=\"column\">\n\t\t\t<div class=\"elementor-widget-wrap elementor-element-populated\">\n\t\t\t\t\t\t<div class=\"elementor-element elementor-element-fcceef5 elementor-widget elementor-widget-heading\" data-id=\"fcceef5\" data-element_type=\"widget\" data-e-type=\"widget\" data-widget_type=\"heading.default\">\n\t\t\t\t<div class=\"elementor-widget-container\">\n\t\t\t\t\t<div class=\"elementor-heading-title elementor-size-default\">K\u00dcCHENCHEF<\/div>\t\t\t\t<\/div>\n\t\t\t\t<\/div>\n\t\t\t\t<div class=\"elementor-element elementor-element-3e154b8 elementor-widget elementor-widget-heading\" data-id=\"3e154b8\" data-element_type=\"widget\" data-e-type=\"widget\" data-widget_type=\"heading.default\">\n\t\t\t\t<div class=\"elementor-widget-container\">\n\t\t\t\t\t<div class=\"elementor-heading-title elementor-size-default\">Rafa Barrientos<\/div>\t\t\t\t<\/div>\n\t\t\t\t<\/div>\n\t\t\t\t<div class=\"elementor-element elementor-element-663ea14 elementor-widget elementor-widget-text-editor\" data-id=\"663ea14\" data-element_type=\"widget\" data-e-type=\"widget\" data-widget_type=\"text-editor.default\">\n\t\t\t\t<div class=\"elementor-widget-container\">\n\t\t\t\t\t\t\t\t\t<p>Cooking has given Rafeal a pleasant surprise although Rafael has given cooking an even greater surprise. He started working in a small restaurant in Manacor. It was there where he started to feel a great passion towards cooking which until then had never felt. At that moment he started to study culinary skills. His first training was carried out in Restaurant Andreu Genestra. He started with confectionary baking and has been through all aspects of culinary skills until he has become Head of the Kitchen at the age of 26. At the end of each season he goes abroad to acquire more culinary skills what\u2019s more is his passion to learn new culinary techniques and flavors. He has been to Denmark, Italy, Bolivia, Mexico, China and India where he has taught in famous restaurants of international prestige.<\/p>\t\t\t\t\t\t\t\t<\/div>\n\t\t\t\t<\/div>\n\t\t\t\t\t<\/div>\n\t\t<\/div>\n\t\t\t\t\t<\/div>\n\t\t<\/section>\n\t\t\t\t<section class=\"elementor-section elementor-top-section elementor-element elementor-element-e4bd3d1 elementor-section-content-middle elementor-hidden-desktop elementor-hidden-tablet elementor-hidden-mobile elementor-section-boxed elementor-section-height-default elementor-section-height-default\" data-id=\"e4bd3d1\" data-element_type=\"section\" data-e-type=\"section\">\n\t\t\t\t\t\t<div class=\"elementor-container elementor-column-gap-default\">\n\t\t\t\t\t<div class=\"elementor-column elementor-col-50 elementor-top-column elementor-element elementor-element-f5c0443\" data-id=\"f5c0443\" data-element_type=\"column\" data-e-type=\"column\">\n\t\t\t<div class=\"elementor-widget-wrap elementor-element-populated\">\n\t\t\t\t\t\t<div class=\"elementor-element elementor-element-005a342 elementor-widget elementor-widget-image\" data-id=\"005a342\" data-element_type=\"widget\" data-e-type=\"widget\" data-widget_type=\"image.default\">\n\t\t\t\t<div class=\"elementor-widget-container\">\n\t\t\t\t\t\t\t\t\t\t\t\t\t\t\t<img decoding=\"async\" width=\"615\" height=\"615\" src=\"https:\/\/andreugenestra.com\/wp-content\/uploads\/2023\/03\/maria-adrover.jpg\" class=\"attachment-large size-large wp-image-4568\" alt=\"Maria Adrover jefe de cocina de Andreu Genestra\" srcset=\"https:\/\/andreugenestra.com\/wp-content\/uploads\/2023\/03\/maria-adrover.jpg 615w, https:\/\/andreugenestra.com\/wp-content\/uploads\/2023\/03\/maria-adrover-300x300.jpg 300w, https:\/\/andreugenestra.com\/wp-content\/uploads\/2023\/03\/maria-adrover-150x150.jpg 150w, https:\/\/andreugenestra.com\/wp-content\/uploads\/2023\/03\/maria-adrover-100x100.jpg 100w\" sizes=\"(max-width: 615px) 100vw, 615px\" \/>\t\t\t\t\t\t\t\t\t\t\t\t\t\t\t<\/div>\n\t\t\t\t<\/div>\n\t\t\t\t\t<\/div>\n\t\t<\/div>\n\t\t\t\t<div class=\"elementor-column elementor-col-50 elementor-top-column elementor-element elementor-element-5eaecb5\" data-id=\"5eaecb5\" data-element_type=\"column\" data-e-type=\"column\">\n\t\t\t<div class=\"elementor-widget-wrap elementor-element-populated\">\n\t\t\t\t\t\t<div class=\"elementor-element elementor-element-db77cb0 elementor-widget elementor-widget-heading\" data-id=\"db77cb0\" data-element_type=\"widget\" data-e-type=\"widget\" data-widget_type=\"heading.default\">\n\t\t\t\t<div class=\"elementor-widget-container\">\n\t\t\t\t\t<div class=\"elementor-heading-title elementor-size-default\">HAUPTKOCH<\/div>\t\t\t\t<\/div>\n\t\t\t\t<\/div>\n\t\t\t\t<div class=\"elementor-element elementor-element-de4dc0b elementor-widget elementor-widget-heading\" data-id=\"de4dc0b\" data-element_type=\"widget\" data-e-type=\"widget\" data-widget_type=\"heading.default\">\n\t\t\t\t<div class=\"elementor-widget-container\">\n\t\t\t\t\t<div class=\"elementor-heading-title elementor-size-default\">Maria Adrover<\/div>\t\t\t\t<\/div>\n\t\t\t\t<\/div>\n\t\t\t\t<div class=\"elementor-element elementor-element-c361ad8 elementor-widget elementor-widget-text-editor\" data-id=\"c361ad8\" data-element_type=\"widget\" data-e-type=\"widget\" data-widget_type=\"text-editor.default\">\n\t\t\t\t<div class=\"elementor-widget-container\">\n\t\t\t\t\t\t\t\t\t<p>Organisiert und akribisch. Seit 2016 geh\u00f6rt sie zum Team von Andreu Genestra.<\/p><p>Sie kennt den Stil, die Philosophie und die Rezepte Mallorcas und des Mittelmeers im Detail wie keine andere.<\/p><p>Sie ist ein wesentlicher Bestandteil der K\u00fcche von Andreu Genestra und die Ideen f\u00fcr die Gerichte, die Sie sehen und schmecken werden, sind das Ergebnis ihres Talents, ihrer Recherche und ihrer Professionalit\u00e4t.<\/p>\t\t\t\t\t\t\t\t<\/div>\n\t\t\t\t<\/div>\n\t\t\t\t\t<\/div>\n\t\t<\/div>\n\t\t\t\t\t<\/div>\n\t\t<\/section>\n\t\t\t\t<\/div>\n\t\t","protected":false},"excerpt":{"rendered":"<p>El equipo Wir bei Andreu Genestra glauben, dass ein au\u00dfergew\u00f6hnliches kulinarisches Erlebnis zu einem gro\u00dfen Teil von der Hingabe und dem Talent unserer Mitarbeiter abh\u00e4ngt. CHEF Andreu Genestra Er begann seine Karriere in der K\u00fcche, wo er im Alter von nur 15 Jahren T\u00f6pfe und Pfannen in einem Sonnen- und Strandhotel schrubbte. Jahre sp\u00e4ter war [&hellip;]<\/p>\n","protected":false},"author":1,"featured_media":0,"parent":0,"menu_order":0,"comment_status":"closed","ping_status":"closed","template":"elementor_header_footer","meta":{"footnotes":""},"class_list":["post-4580","page","type-page","status-publish","hentry"],"yoast_head":"<!-- This site is optimized with the Yoast SEO plugin v27.1.1 - https:\/\/yoast.com\/product\/yoast-seo-wordpress\/ -->\n<title>Michelin-Sterne-Restaurant-Team | ANDREU GENESTRA<\/title>\n<meta name=\"description\" content=\"Die Anerkennung des Restaurants Andreu Genestra sind auf die Erfahrung, das Engagement und das Talent seines Teams zur\u00fcckzuf\u00fchren.\" \/>\n<meta name=\"robots\" content=\"index, follow, max-snippet:-1, max-image-preview:large, max-video-preview:-1\" \/>\n<link rel=\"canonical\" href=\"https:\/\/andreugenestra.com\/de\/team\/\" \/>\n<meta property=\"og:locale\" content=\"de_DE\" \/>\n<meta property=\"og:type\" content=\"article\" \/>\n<meta property=\"og:title\" content=\"Michelin-Sterne-Restaurant-Team | ANDREU GENESTRA\" \/>\n<meta property=\"og:description\" content=\"Die Anerkennung des Restaurants Andreu Genestra sind auf die Erfahrung, das Engagement und das Talent seines Teams zur\u00fcckzuf\u00fchren.\" \/>\n<meta property=\"og:url\" content=\"https:\/\/andreugenestra.com\/de\/team\/\" \/>\n<meta property=\"og:site_name\" content=\"Andreu Genestra\" \/>\n<meta property=\"article:modified_time\" content=\"2024-03-10T21:49:01+00:00\" \/>\n<meta property=\"og:image\" content=\"https:\/\/andreugenestra.com\/wp-content\/uploads\/2023\/03\/foto-andreu-genestra.jpg\" \/>\n<meta name=\"twitter:card\" content=\"summary_large_image\" \/>\n<meta name=\"twitter:label1\" content=\"Gesch\u00e4tzte Lesezeit\" \/>\n\t<meta name=\"twitter:data1\" content=\"3\u00a0Minuten\" \/>\n<script type=\"application\/ld+json\" class=\"yoast-schema-graph\">{\"@context\":\"https:\/\/schema.org\",\"@graph\":[{\"@type\":\"WebPage\",\"@id\":\"https:\/\/andreugenestra.com\/de\/team\/\",\"url\":\"https:\/\/andreugenestra.com\/de\/team\/\",\"name\":\"Michelin-Sterne-Restaurant-Team | ANDREU GENESTRA\",\"isPartOf\":{\"@id\":\"https:\/\/andreugenestra.com\/#website\"},\"primaryImageOfPage\":{\"@id\":\"https:\/\/andreugenestra.com\/de\/team\/#primaryimage\"},\"image\":{\"@id\":\"https:\/\/andreugenestra.com\/de\/team\/#primaryimage\"},\"thumbnailUrl\":\"https:\/\/andreugenestra.com\/wp-content\/uploads\/2023\/03\/foto-andreu-genestra.jpg\",\"datePublished\":\"2023-03-22T11:44:26+00:00\",\"dateModified\":\"2024-03-10T21:49:01+00:00\",\"description\":\"Die Anerkennung des Restaurants Andreu Genestra sind auf die Erfahrung, das Engagement und das Talent seines Teams zur\u00fcckzuf\u00fchren.\",\"breadcrumb\":{\"@id\":\"https:\/\/andreugenestra.com\/de\/team\/#breadcrumb\"},\"inLanguage\":\"de\",\"potentialAction\":[{\"@type\":\"ReadAction\",\"target\":[\"https:\/\/andreugenestra.com\/de\/team\/\"]}]},{\"@type\":\"ImageObject\",\"inLanguage\":\"de\",\"@id\":\"https:\/\/andreugenestra.com\/de\/team\/#primaryimage\",\"url\":\"https:\/\/andreugenestra.com\/wp-content\/uploads\/2023\/03\/foto-andreu-genestra.jpg\",\"contentUrl\":\"https:\/\/andreugenestra.com\/wp-content\/uploads\/2023\/03\/foto-andreu-genestra.jpg\"},{\"@type\":\"BreadcrumbList\",\"@id\":\"https:\/\/andreugenestra.com\/de\/team\/#breadcrumb\",\"itemListElement\":[{\"@type\":\"ListItem\",\"position\":1,\"name\":\"Portada\",\"item\":\"https:\/\/andreugenestra.com\/\"},{\"@type\":\"ListItem\",\"position\":2,\"name\":\"Team\"}]},{\"@type\":\"WebSite\",\"@id\":\"https:\/\/andreugenestra.com\/#website\",\"url\":\"https:\/\/andreugenestra.com\/\",\"name\":\"Andreu Genestra\",\"description\":\"Mediterranean\",\"publisher\":{\"@id\":\"https:\/\/andreugenestra.com\/#organization\"},\"potentialAction\":[{\"@type\":\"SearchAction\",\"target\":{\"@type\":\"EntryPoint\",\"urlTemplate\":\"https:\/\/andreugenestra.com\/?s={search_term_string}\"},\"query-input\":{\"@type\":\"PropertyValueSpecification\",\"valueRequired\":true,\"valueName\":\"search_term_string\"}}],\"inLanguage\":\"de\"},{\"@type\":\"Organization\",\"@id\":\"https:\/\/andreugenestra.com\/#organization\",\"name\":\"Andreu Genestra\",\"url\":\"https:\/\/andreugenestra.com\/\",\"logo\":{\"@type\":\"ImageObject\",\"inLanguage\":\"de\",\"@id\":\"https:\/\/andreugenestra.com\/#\/schema\/logo\/image\/\",\"url\":\"https:\/\/andreugenestra.com\/wp-content\/uploads\/2023\/01\/logo-color.svg\",\"contentUrl\":\"https:\/\/andreugenestra.com\/wp-content\/uploads\/2023\/01\/logo-color.svg\",\"width\":335,\"height\":154,\"caption\":\"Andreu Genestra\"},\"image\":{\"@id\":\"https:\/\/andreugenestra.com\/#\/schema\/logo\/image\/\"}}]}<\/script>\n<!-- \/ Yoast SEO plugin. -->","yoast_head_json":{"title":"Michelin-Sterne-Restaurant-Team | ANDREU GENESTRA","description":"Die Anerkennung des Restaurants Andreu Genestra sind auf die Erfahrung, das Engagement und das Talent seines Teams zur\u00fcckzuf\u00fchren.","robots":{"index":"index","follow":"follow","max-snippet":"max-snippet:-1","max-image-preview":"max-image-preview:large","max-video-preview":"max-video-preview:-1"},"canonical":"https:\/\/andreugenestra.com\/de\/team\/","og_locale":"de_DE","og_type":"article","og_title":"Michelin-Sterne-Restaurant-Team | ANDREU GENESTRA","og_description":"Die Anerkennung des Restaurants Andreu Genestra sind auf die Erfahrung, das Engagement und das Talent seines Teams zur\u00fcckzuf\u00fchren.","og_url":"https:\/\/andreugenestra.com\/de\/team\/","og_site_name":"Andreu Genestra","article_modified_time":"2024-03-10T21:49:01+00:00","og_image":[{"url":"https:\/\/andreugenestra.com\/wp-content\/uploads\/2023\/03\/foto-andreu-genestra.jpg","type":"","width":"","height":""}],"twitter_card":"summary_large_image","twitter_misc":{"Gesch\u00e4tzte Lesezeit":"3\u00a0Minuten"},"schema":{"@context":"https:\/\/schema.org","@graph":[{"@type":"WebPage","@id":"https:\/\/andreugenestra.com\/de\/team\/","url":"https:\/\/andreugenestra.com\/de\/team\/","name":"Michelin-Sterne-Restaurant-Team | ANDREU GENESTRA","isPartOf":{"@id":"https:\/\/andreugenestra.com\/#website"},"primaryImageOfPage":{"@id":"https:\/\/andreugenestra.com\/de\/team\/#primaryimage"},"image":{"@id":"https:\/\/andreugenestra.com\/de\/team\/#primaryimage"},"thumbnailUrl":"https:\/\/andreugenestra.com\/wp-content\/uploads\/2023\/03\/foto-andreu-genestra.jpg","datePublished":"2023-03-22T11:44:26+00:00","dateModified":"2024-03-10T21:49:01+00:00","description":"Die Anerkennung des Restaurants Andreu Genestra sind auf die Erfahrung, das Engagement und das Talent seines Teams zur\u00fcckzuf\u00fchren.","breadcrumb":{"@id":"https:\/\/andreugenestra.com\/de\/team\/#breadcrumb"},"inLanguage":"de","potentialAction":[{"@type":"ReadAction","target":["https:\/\/andreugenestra.com\/de\/team\/"]}]},{"@type":"ImageObject","inLanguage":"de","@id":"https:\/\/andreugenestra.com\/de\/team\/#primaryimage","url":"https:\/\/andreugenestra.com\/wp-content\/uploads\/2023\/03\/foto-andreu-genestra.jpg","contentUrl":"https:\/\/andreugenestra.com\/wp-content\/uploads\/2023\/03\/foto-andreu-genestra.jpg"},{"@type":"BreadcrumbList","@id":"https:\/\/andreugenestra.com\/de\/team\/#breadcrumb","itemListElement":[{"@type":"ListItem","position":1,"name":"Portada","item":"https:\/\/andreugenestra.com\/"},{"@type":"ListItem","position":2,"name":"Team"}]},{"@type":"WebSite","@id":"https:\/\/andreugenestra.com\/#website","url":"https:\/\/andreugenestra.com\/","name":"Andreu Genestra","description":"Mediterranean","publisher":{"@id":"https:\/\/andreugenestra.com\/#organization"},"potentialAction":[{"@type":"SearchAction","target":{"@type":"EntryPoint","urlTemplate":"https:\/\/andreugenestra.com\/?s={search_term_string}"},"query-input":{"@type":"PropertyValueSpecification","valueRequired":true,"valueName":"search_term_string"}}],"inLanguage":"de"},{"@type":"Organization","@id":"https:\/\/andreugenestra.com\/#organization","name":"Andreu Genestra","url":"https:\/\/andreugenestra.com\/","logo":{"@type":"ImageObject","inLanguage":"de","@id":"https:\/\/andreugenestra.com\/#\/schema\/logo\/image\/","url":"https:\/\/andreugenestra.com\/wp-content\/uploads\/2023\/01\/logo-color.svg","contentUrl":"https:\/\/andreugenestra.com\/wp-content\/uploads\/2023\/01\/logo-color.svg","width":335,"height":154,"caption":"Andreu Genestra"},"image":{"@id":"https:\/\/andreugenestra.com\/#\/schema\/logo\/image\/"}}]}},"_links":{"self":[{"href":"https:\/\/andreugenestra.com\/de\/wp-json\/wp\/v2\/pages\/4580","targetHints":{"allow":["GET"]}}],"collection":[{"href":"https:\/\/andreugenestra.com\/de\/wp-json\/wp\/v2\/pages"}],"about":[{"href":"https:\/\/andreugenestra.com\/de\/wp-json\/wp\/v2\/types\/page"}],"author":[{"embeddable":true,"href":"https:\/\/andreugenestra.com\/de\/wp-json\/wp\/v2\/users\/1"}],"replies":[{"embeddable":true,"href":"https:\/\/andreugenestra.com\/de\/wp-json\/wp\/v2\/comments?post=4580"}],"version-history":[{"count":17,"href":"https:\/\/andreugenestra.com\/de\/wp-json\/wp\/v2\/pages\/4580\/revisions"}],"predecessor-version":[{"id":5982,"href":"https:\/\/andreugenestra.com\/de\/wp-json\/wp\/v2\/pages\/4580\/revisions\/5982"}],"wp:attachment":[{"href":"https:\/\/andreugenestra.com\/de\/wp-json\/wp\/v2\/media?parent=4580"}],"curies":[{"name":"wp","href":"https:\/\/api.w.org\/{rel}","templated":true}]}}