{"id":4584,"date":"2023-01-30T07:22:44","date_gmt":"2023-01-30T07:22:44","guid":{"rendered":"https:\/\/andreugenestra.com\/contacto\/"},"modified":"2025-12-04T12:46:32","modified_gmt":"2025-12-04T12:46:32","slug":"kontakt","status":"publish","type":"page","link":"https:\/\/andreugenestra.com\/de\/kontakt\/","title":{"rendered":"Kontakt"},"content":{"rendered":"\t\t<div data-elementor-type=\"wp-page\" data-elementor-id=\"4584\" class=\"elementor elementor-4584 elementor-96\">\n\t\t\t\t\t\t<section class=\"elementor-section elementor-top-section elementor-element elementor-element-aad3841 elementor-section-full_width elementor-section-height-min-height elementor-section-items-stretch elementor-section-content-bottom elementor-section-height-default\" data-id=\"aad3841\" data-element_type=\"section\" data-e-type=\"section\" data-settings=\"{&quot;background_background&quot;:&quot;classic&quot;}\">\n\t\t\t\t\t\t\t<div class=\"elementor-background-overlay\"><\/div>\n\t\t\t\t\t\t\t<div class=\"elementor-container elementor-column-gap-no\">\n\t\t\t\t\t<div class=\"elementor-column elementor-col-100 elementor-top-column elementor-element elementor-element-1b910c2\" data-id=\"1b910c2\" data-element_type=\"column\" data-e-type=\"column\">\n\t\t\t<div class=\"elementor-widget-wrap elementor-element-populated\">\n\t\t\t\t\t\t<div class=\"elementor-element elementor-element-f0a5428 elementor-widget elementor-widget-heading\" data-id=\"f0a5428\" data-element_type=\"widget\" data-e-type=\"widget\" data-widget_type=\"heading.default\">\n\t\t\t\t<div class=\"elementor-widget-container\">\n\t\t\t\t\t<div class=\"elementor-heading-title elementor-size-default\">Standort und Kontakt<\/div>\t\t\t\t<\/div>\n\t\t\t\t<\/div>\n\t\t\t\t<div class=\"elementor-element elementor-element-238c319 elementor-widget elementor-widget-spacer\" data-id=\"238c319\" data-element_type=\"widget\" data-e-type=\"widget\" data-widget_type=\"spacer.default\">\n\t\t\t\t<div class=\"elementor-widget-container\">\n\t\t\t\t\t\t\t<div class=\"elementor-spacer\">\n\t\t\t<div class=\"elementor-spacer-inner\"><\/div>\n\t\t<\/div>\n\t\t\t\t\t\t<\/div>\n\t\t\t\t<\/div>\n\t\t\t\t\t<\/div>\n\t\t<\/div>\n\t\t\t\t\t<\/div>\n\t\t<\/section>\n\t\t\t\t<section class=\"elementor-section elementor-top-section elementor-element elementor-element-669d39a elementor-section-boxed elementor-section-height-default elementor-section-height-default\" data-id=\"669d39a\" data-element_type=\"section\" data-e-type=\"section\">\n\t\t\t\t\t\t<div class=\"elementor-container elementor-column-gap-extended\">\n\t\t\t\t\t<div class=\"elementor-column elementor-col-50 elementor-top-column elementor-element elementor-element-54e7e63\" data-id=\"54e7e63\" data-element_type=\"column\" data-e-type=\"column\">\n\t\t\t<div class=\"elementor-widget-wrap elementor-element-populated\">\n\t\t\t\t\t\t<div class=\"elementor-element elementor-element-8b5737d elementor-widget elementor-widget-heading\" data-id=\"8b5737d\" data-element_type=\"widget\" data-e-type=\"widget\" data-widget_type=\"heading.default\">\n\t\t\t\t<div class=\"elementor-widget-container\">\n\t\t\t\t\t<div class=\"elementor-heading-title elementor-size-default\">Kontakt<\/div>\t\t\t\t<\/div>\n\t\t\t\t<\/div>\n\t\t\t\t<div class=\"elementor-element elementor-element-da7aeca elementor-widget elementor-widget-heading\" data-id=\"da7aeca\" data-element_type=\"widget\" data-e-type=\"widget\" data-widget_type=\"heading.default\">\n\t\t\t\t<div class=\"elementor-widget-container\">\n\t\t\t\t\t<div class=\"elementor-heading-title elementor-size-default\">Cam\u00ed de Sa Torre, Km 8, 7<br>\n07609, Llucmajor<br>\nMallorca - Espa\u00f1a<\/div>\t\t\t\t<\/div>\n\t\t\t\t<\/div>\n\t\t\t\t<div class=\"elementor-element elementor-element-33cdfb0 elementor-align-left elementor-widget elementor-widget-button\" data-id=\"33cdfb0\" data-element_type=\"widget\" data-e-type=\"widget\" data-widget_type=\"button.default\">\n\t\t\t\t<div class=\"elementor-widget-container\">\n\t\t\t\t\t\t\t\t\t<div class=\"elementor-button-wrapper\">\n\t\t\t\t\t<a class=\"elementor-button elementor-button-link elementor-size-sm\" href=\"https:\/\/goo.gl\/maps\/cL3EjjfeQbyVsBXk8\" target=\"_blank\">\n\t\t\t\t\t\t<span class=\"elementor-button-content-wrapper\">\n\t\t\t\t\t\t\t\t\t<span class=\"elementor-button-text\">WIE KOMMT MAN<\/span>\n\t\t\t\t\t<\/span>\n\t\t\t\t\t<\/a>\n\t\t\t\t<\/div>\n\t\t\t\t\t\t\t\t<\/div>\n\t\t\t\t<\/div>\n\t\t\t\t\t<\/div>\n\t\t<\/div>\n\t\t\t\t<div class=\"elementor-column elementor-col-50 elementor-top-column elementor-element elementor-element-e95e1e0\" data-id=\"e95e1e0\" data-element_type=\"column\" data-e-type=\"column\">\n\t\t\t<div class=\"elementor-widget-wrap elementor-element-populated\">\n\t\t\t\t\t\t<div class=\"elementor-element elementor-element-2d76b13 elementor-widget elementor-widget-heading\" data-id=\"2d76b13\" data-element_type=\"widget\" data-e-type=\"widget\" data-widget_type=\"heading.default\">\n\t\t\t\t<div class=\"elementor-widget-container\">\n\t\t\t\t\t<div class=\"elementor-heading-title elementor-size-default\">Reservieren<\/div>\t\t\t\t<\/div>\n\t\t\t\t<\/div>\n\t\t\t\t<div class=\"elementor-element elementor-element-65106d2 elementor-widget elementor-widget-heading\" data-id=\"65106d2\" data-element_type=\"widget\" data-e-type=\"widget\" data-widget_type=\"heading.default\">\n\t\t\t\t<div class=\"elementor-widget-container\">\n\t\t\t\t\t<div class=\"elementor-heading-title elementor-size-default\"><a href=\"tel:+34%20603%20293%20745\">Tel. +34 603 293 745<\/a><\/div>\t\t\t\t<\/div>\n\t\t\t\t<\/div>\n\t\t\t\t<div class=\"elementor-element elementor-element-56dc42a elementor-align-left elementor-widget elementor-widget-button\" data-id=\"56dc42a\" data-element_type=\"widget\" data-e-type=\"widget\" data-widget_type=\"button.default\">\n\t\t\t\t<div class=\"elementor-widget-container\">\n\t\t\t\t\t\t\t\t\t<div class=\"elementor-button-wrapper\">\n\t\t\t\t\t<a class=\"elementor-button elementor-button-link elementor-size-sm\" href=\"mailto:reservas@andreugenestra.com\" target=\"_blank\">\n\t\t\t\t\t\t<span class=\"elementor-button-content-wrapper\">\n\t\t\t\t\t\t\t\t\t<span class=\"elementor-button-text\">reservas@andreugenestra.com<\/span>\n\t\t\t\t\t<\/span>\n\t\t\t\t\t<\/a>\n\t\t\t\t<\/div>\n\t\t\t\t\t\t\t\t<\/div>\n\t\t\t\t<\/div>\n\t\t\t\t<div class=\"elementor-element elementor-element-253bc91 elementor-widget elementor-widget-spacer\" data-id=\"253bc91\" data-element_type=\"widget\" data-e-type=\"widget\" data-widget_type=\"spacer.default\">\n\t\t\t\t<div class=\"elementor-widget-container\">\n\t\t\t\t\t\t\t<div class=\"elementor-spacer\">\n\t\t\t<div class=\"elementor-spacer-inner\"><\/div>\n\t\t<\/div>\n\t\t\t\t\t\t<\/div>\n\t\t\t\t<\/div>\n\t\t\t\t\t<\/div>\n\t\t<\/div>\n\t\t\t\t\t<\/div>\n\t\t<\/section>\n\t\t\t\t<section class=\"elementor-section elementor-top-section elementor-element elementor-element-835bd1b elementor-section-boxed elementor-section-height-default elementor-section-height-default\" data-id=\"835bd1b\" data-element_type=\"section\" data-e-type=\"section\" data-settings=\"{&quot;background_background&quot;:&quot;classic&quot;}\">\n\t\t\t\t\t\t<div class=\"elementor-container elementor-column-gap-extended\">\n\t\t\t\t\t<div class=\"elementor-column elementor-col-100 elementor-top-column elementor-element elementor-element-794eb15\" data-id=\"794eb15\" data-element_type=\"column\" data-e-type=\"column\" data-settings=\"{&quot;background_background&quot;:&quot;classic&quot;}\">\n\t\t\t<div class=\"elementor-widget-wrap elementor-element-populated\">\n\t\t\t\t\t<div class=\"elementor-background-overlay\"><\/div>\n\t\t\t\t\t\t<div class=\"elementor-element elementor-element-bc98f63 elementor-widget elementor-widget-heading\" data-id=\"bc98f63\" data-element_type=\"widget\" data-e-type=\"widget\" data-widget_type=\"heading.default\">\n\t\t\t\t<div class=\"elementor-widget-container\">\n\t\t\t\t\t<div class=\"elementor-heading-title elementor-size-default\">Zeitpl\u00e4ne<\/div>\t\t\t\t<\/div>\n\t\t\t\t<\/div>\n\t\t\t\t<div class=\"elementor-element elementor-element-8e5af86 elementor-widget elementor-widget-heading\" data-id=\"8e5af86\" data-element_type=\"widget\" data-e-type=\"widget\" data-widget_type=\"heading.default\">\n\t\t\t\t<div class=\"elementor-widget-container\">\n\t\t\t\t\t<div class=\"elementor-heading-title elementor-size-default\">Das Restaurant ist derzeit GESCHLOSSEN.<BR>\n<b>Wir werden am 20. M\u00e4rz wiederer\u00f6ffnen.<\/b><\/div>\t\t\t\t<\/div>\n\t\t\t\t<\/div>\n\t\t\t\t<div class=\"elementor-element elementor-element-e79a34b elementor-hidden-desktop elementor-hidden-tablet elementor-hidden-mobile elementor-widget elementor-widget-heading\" data-id=\"e79a34b\" data-element_type=\"widget\" data-e-type=\"widget\" data-widget_type=\"heading.default\">\n\t\t\t\t<div class=\"elementor-widget-container\">\n\t\t\t\t\t<div class=\"elementor-heading-title elementor-size-default\">Ge\u00f6ffnet von Mittwoch bis Sonntag, nur Abendessen.<BR>\nOffene K\u00fcche, von 19 bis 21.30 Uhr.<BR>\n<b>Montag und Dienstag geschlossen.<\/b><\/div>\t\t\t\t<\/div>\n\t\t\t\t<\/div>\n\t\t\t\t\t<\/div>\n\t\t<\/div>\n\t\t\t\t\t<\/div>\n\t\t<\/section>\n\t\t\t\t<\/div>\n\t\t","protected":false},"excerpt":{"rendered":"<p>Standort und Kontakt Kontakt Cam\u00ed de Sa Torre, Km 8, 7 07609, Llucmajor Mallorca &#8211; Espa\u00f1a WIE KOMMT MAN Reservieren Tel. +34 603 293 745 reservas@andreugenestra.com Zeitpl\u00e4ne Das Restaurant ist derzeit GESCHLOSSEN. Wir werden am 20. M\u00e4rz wiederer\u00f6ffnen. Ge\u00f6ffnet von Mittwoch bis Sonntag, nur Abendessen. Offene K\u00fcche, von 19 bis 21.30 Uhr. Montag und Dienstag [&hellip;]<\/p>\n","protected":false},"author":1,"featured_media":0,"parent":0,"menu_order":0,"comment_status":"closed","ping_status":"closed","template":"elementor_header_footer","meta":{"footnotes":""},"class_list":["post-4584","page","type-page","status-publish","hentry"],"yoast_head":"<!-- This site is optimized with the Yoast SEO plugin v27.1.1 - https:\/\/yoast.com\/product\/yoast-seo-wordpress\/ -->\n<title>Restaurant im Hotel Zo\u00ebtry, Mallorca | ANDREU GENESTRA<\/title>\n<meta name=\"description\" content=\"Das mit einem Michelin-Stern ausgezeichnete Restaurant Andreu Genestra befindet sich in Llucmajor, Mallorca, innerhalb des Hotels Z\u00f6etry.\" \/>\n<meta name=\"robots\" content=\"index, follow, max-snippet:-1, max-image-preview:large, max-video-preview:-1\" \/>\n<link rel=\"canonical\" href=\"https:\/\/andreugenestra.com\/de\/kontakt\/\" \/>\n<meta property=\"og:locale\" content=\"de_DE\" \/>\n<meta property=\"og:type\" content=\"article\" \/>\n<meta property=\"og:title\" content=\"Restaurant im Hotel Zo\u00ebtry, Mallorca | ANDREU GENESTRA\" \/>\n<meta property=\"og:description\" content=\"Das mit einem Michelin-Stern ausgezeichnete Restaurant Andreu Genestra befindet sich in Llucmajor, Mallorca, innerhalb des Hotels Z\u00f6etry.\" \/>\n<meta property=\"og:url\" content=\"https:\/\/andreugenestra.com\/de\/kontakt\/\" \/>\n<meta property=\"og:site_name\" content=\"Andreu Genestra\" \/>\n<meta property=\"article:modified_time\" content=\"2025-12-04T12:46:32+00:00\" \/>\n<meta name=\"twitter:card\" content=\"summary_large_image\" \/>\n<meta name=\"twitter:label1\" content=\"Gesch\u00e4tzte Lesezeit\" \/>\n\t<meta name=\"twitter:data1\" content=\"1\u00a0Minute\" \/>\n<script type=\"application\/ld+json\" class=\"yoast-schema-graph\">{\"@context\":\"https:\/\/schema.org\",\"@graph\":[{\"@type\":\"WebPage\",\"@id\":\"https:\/\/andreugenestra.com\/de\/kontakt\/\",\"url\":\"https:\/\/andreugenestra.com\/de\/kontakt\/\",\"name\":\"Restaurant im Hotel Zo\u00ebtry, Mallorca | ANDREU GENESTRA\",\"isPartOf\":{\"@id\":\"https:\/\/andreugenestra.com\/#website\"},\"datePublished\":\"2023-01-30T07:22:44+00:00\",\"dateModified\":\"2025-12-04T12:46:32+00:00\",\"description\":\"Das mit einem Michelin-Stern ausgezeichnete Restaurant Andreu Genestra befindet sich in Llucmajor, Mallorca, innerhalb des Hotels Z\u00f6etry.\",\"breadcrumb\":{\"@id\":\"https:\/\/andreugenestra.com\/de\/kontakt\/#breadcrumb\"},\"inLanguage\":\"de\",\"potentialAction\":[{\"@type\":\"ReadAction\",\"target\":[\"https:\/\/andreugenestra.com\/de\/kontakt\/\"]}]},{\"@type\":\"BreadcrumbList\",\"@id\":\"https:\/\/andreugenestra.com\/de\/kontakt\/#breadcrumb\",\"itemListElement\":[{\"@type\":\"ListItem\",\"position\":1,\"name\":\"Portada\",\"item\":\"https:\/\/andreugenestra.com\/\"},{\"@type\":\"ListItem\",\"position\":2,\"name\":\"Kontakt\"}]},{\"@type\":\"WebSite\",\"@id\":\"https:\/\/andreugenestra.com\/#website\",\"url\":\"https:\/\/andreugenestra.com\/\",\"name\":\"Andreu Genestra\",\"description\":\"Mediterranean\",\"publisher\":{\"@id\":\"https:\/\/andreugenestra.com\/#organization\"},\"potentialAction\":[{\"@type\":\"SearchAction\",\"target\":{\"@type\":\"EntryPoint\",\"urlTemplate\":\"https:\/\/andreugenestra.com\/?s={search_term_string}\"},\"query-input\":{\"@type\":\"PropertyValueSpecification\",\"valueRequired\":true,\"valueName\":\"search_term_string\"}}],\"inLanguage\":\"de\"},{\"@type\":\"Organization\",\"@id\":\"https:\/\/andreugenestra.com\/#organization\",\"name\":\"Andreu Genestra\",\"url\":\"https:\/\/andreugenestra.com\/\",\"logo\":{\"@type\":\"ImageObject\",\"inLanguage\":\"de\",\"@id\":\"https:\/\/andreugenestra.com\/#\/schema\/logo\/image\/\",\"url\":\"https:\/\/andreugenestra.com\/wp-content\/uploads\/2023\/01\/logo-color.svg\",\"contentUrl\":\"https:\/\/andreugenestra.com\/wp-content\/uploads\/2023\/01\/logo-color.svg\",\"width\":335,\"height\":154,\"caption\":\"Andreu Genestra\"},\"image\":{\"@id\":\"https:\/\/andreugenestra.com\/#\/schema\/logo\/image\/\"}}]}<\/script>\n<!-- \/ Yoast SEO plugin. -->","yoast_head_json":{"title":"Restaurant im Hotel Zo\u00ebtry, Mallorca | ANDREU GENESTRA","description":"Das mit einem Michelin-Stern ausgezeichnete Restaurant Andreu Genestra befindet sich in Llucmajor, Mallorca, innerhalb des Hotels Z\u00f6etry.","robots":{"index":"index","follow":"follow","max-snippet":"max-snippet:-1","max-image-preview":"max-image-preview:large","max-video-preview":"max-video-preview:-1"},"canonical":"https:\/\/andreugenestra.com\/de\/kontakt\/","og_locale":"de_DE","og_type":"article","og_title":"Restaurant im Hotel Zo\u00ebtry, Mallorca | ANDREU GENESTRA","og_description":"Das mit einem Michelin-Stern ausgezeichnete Restaurant Andreu Genestra befindet sich in Llucmajor, Mallorca, innerhalb des Hotels Z\u00f6etry.","og_url":"https:\/\/andreugenestra.com\/de\/kontakt\/","og_site_name":"Andreu Genestra","article_modified_time":"2025-12-04T12:46:32+00:00","twitter_card":"summary_large_image","twitter_misc":{"Gesch\u00e4tzte Lesezeit":"1\u00a0Minute"},"schema":{"@context":"https:\/\/schema.org","@graph":[{"@type":"WebPage","@id":"https:\/\/andreugenestra.com\/de\/kontakt\/","url":"https:\/\/andreugenestra.com\/de\/kontakt\/","name":"Restaurant im Hotel Zo\u00ebtry, Mallorca | ANDREU GENESTRA","isPartOf":{"@id":"https:\/\/andreugenestra.com\/#website"},"datePublished":"2023-01-30T07:22:44+00:00","dateModified":"2025-12-04T12:46:32+00:00","description":"Das mit einem Michelin-Stern ausgezeichnete Restaurant Andreu Genestra befindet sich in Llucmajor, Mallorca, innerhalb des Hotels Z\u00f6etry.","breadcrumb":{"@id":"https:\/\/andreugenestra.com\/de\/kontakt\/#breadcrumb"},"inLanguage":"de","potentialAction":[{"@type":"ReadAction","target":["https:\/\/andreugenestra.com\/de\/kontakt\/"]}]},{"@type":"BreadcrumbList","@id":"https:\/\/andreugenestra.com\/de\/kontakt\/#breadcrumb","itemListElement":[{"@type":"ListItem","position":1,"name":"Portada","item":"https:\/\/andreugenestra.com\/"},{"@type":"ListItem","position":2,"name":"Kontakt"}]},{"@type":"WebSite","@id":"https:\/\/andreugenestra.com\/#website","url":"https:\/\/andreugenestra.com\/","name":"Andreu Genestra","description":"Mediterranean","publisher":{"@id":"https:\/\/andreugenestra.com\/#organization"},"potentialAction":[{"@type":"SearchAction","target":{"@type":"EntryPoint","urlTemplate":"https:\/\/andreugenestra.com\/?s={search_term_string}"},"query-input":{"@type":"PropertyValueSpecification","valueRequired":true,"valueName":"search_term_string"}}],"inLanguage":"de"},{"@type":"Organization","@id":"https:\/\/andreugenestra.com\/#organization","name":"Andreu Genestra","url":"https:\/\/andreugenestra.com\/","logo":{"@type":"ImageObject","inLanguage":"de","@id":"https:\/\/andreugenestra.com\/#\/schema\/logo\/image\/","url":"https:\/\/andreugenestra.com\/wp-content\/uploads\/2023\/01\/logo-color.svg","contentUrl":"https:\/\/andreugenestra.com\/wp-content\/uploads\/2023\/01\/logo-color.svg","width":335,"height":154,"caption":"Andreu Genestra"},"image":{"@id":"https:\/\/andreugenestra.com\/#\/schema\/logo\/image\/"}}]}},"_links":{"self":[{"href":"https:\/\/andreugenestra.com\/de\/wp-json\/wp\/v2\/pages\/4584","targetHints":{"allow":["GET"]}}],"collection":[{"href":"https:\/\/andreugenestra.com\/de\/wp-json\/wp\/v2\/pages"}],"about":[{"href":"https:\/\/andreugenestra.com\/de\/wp-json\/wp\/v2\/types\/page"}],"author":[{"embeddable":true,"href":"https:\/\/andreugenestra.com\/de\/wp-json\/wp\/v2\/users\/1"}],"replies":[{"embeddable":true,"href":"https:\/\/andreugenestra.com\/de\/wp-json\/wp\/v2\/comments?post=4584"}],"version-history":[{"count":35,"href":"https:\/\/andreugenestra.com\/de\/wp-json\/wp\/v2\/pages\/4584\/revisions"}],"predecessor-version":[{"id":7184,"href":"https:\/\/andreugenestra.com\/de\/wp-json\/wp\/v2\/pages\/4584\/revisions\/7184"}],"wp:attachment":[{"href":"https:\/\/andreugenestra.com\/de\/wp-json\/wp\/v2\/media?parent=4584"}],"curies":[{"name":"wp","href":"https:\/\/api.w.org\/{rel}","templated":true}]}}