{"id":4604,"date":"2023-03-22T12:22:59","date_gmt":"2023-03-22T12:22:59","guid":{"rendered":"https:\/\/andreugenestra.com\/propuestas\/"},"modified":"2026-03-16T08:55:04","modified_gmt":"2026-03-16T08:55:04","slug":"vorschlage","status":"publish","type":"page","link":"https:\/\/andreugenestra.com\/de\/vorschlage\/","title":{"rendered":"Vorschl\u00e4ge"},"content":{"rendered":"\t\t<div data-elementor-type=\"wp-page\" data-elementor-id=\"4604\" class=\"elementor elementor-4604 elementor-4089\">\n\t\t\t\t\t\t<section class=\"elementor-section elementor-top-section elementor-element elementor-element-9010289 elementor-section-boxed elementor-section-height-default elementor-section-height-default\" data-id=\"9010289\" data-element_type=\"section\" data-e-type=\"section\">\n\t\t\t\t\t\t<div class=\"elementor-container elementor-column-gap-default\">\n\t\t\t\t\t<div class=\"elementor-column elementor-col-100 elementor-top-column elementor-element elementor-element-688b989\" data-id=\"688b989\" data-element_type=\"column\" data-e-type=\"column\">\n\t\t\t<div class=\"elementor-widget-wrap elementor-element-populated\">\n\t\t\t\t\t\t<div class=\"elementor-element elementor-element-bfb76b1 elementor-widget elementor-widget-spacer\" data-id=\"bfb76b1\" data-element_type=\"widget\" data-e-type=\"widget\" data-widget_type=\"spacer.default\">\n\t\t\t\t<div class=\"elementor-widget-container\">\n\t\t\t\t\t\t\t<div class=\"elementor-spacer\">\n\t\t\t<div class=\"elementor-spacer-inner\"><\/div>\n\t\t<\/div>\n\t\t\t\t\t\t<\/div>\n\t\t\t\t<\/div>\n\t\t\t\t\t<\/div>\n\t\t<\/div>\n\t\t\t\t\t<\/div>\n\t\t<\/section>\n\t\t\t\t<section class=\"elementor-section elementor-top-section elementor-element elementor-element-a2d0dfc elementor-section-content-bottom elementor-section-boxed elementor-section-height-default elementor-section-height-default\" data-id=\"a2d0dfc\" data-element_type=\"section\" data-e-type=\"section\" data-settings=\"{&quot;background_background&quot;:&quot;classic&quot;}\">\n\t\t\t\t\t\t\t<div class=\"elementor-background-overlay\"><\/div>\n\t\t\t\t\t\t\t<div class=\"elementor-container elementor-column-gap-no\">\n\t\t\t\t\t<div class=\"elementor-column elementor-col-33 elementor-top-column elementor-element elementor-element-7e3eac0 elementor-hidden-tablet elementor-hidden-mobile\" data-id=\"7e3eac0\" data-element_type=\"column\" data-e-type=\"column\">\n\t\t\t<div class=\"elementor-widget-wrap\">\n\t\t\t\t\t\t\t<\/div>\n\t\t<\/div>\n\t\t\t\t<div class=\"elementor-column elementor-col-33 elementor-top-column elementor-element elementor-element-f9bed04\" data-id=\"f9bed04\" data-element_type=\"column\" data-e-type=\"column\">\n\t\t\t<div class=\"elementor-widget-wrap elementor-element-populated\">\n\t\t\t\t\t\t<div class=\"elementor-element elementor-element-8e3eee1 elementor-widget elementor-widget-spacer\" data-id=\"8e3eee1\" data-element_type=\"widget\" data-e-type=\"widget\" data-widget_type=\"spacer.default\">\n\t\t\t\t<div class=\"elementor-widget-container\">\n\t\t\t\t\t\t\t<div class=\"elementor-spacer\">\n\t\t\t<div class=\"elementor-spacer-inner\"><\/div>\n\t\t<\/div>\n\t\t\t\t\t\t<\/div>\n\t\t\t\t<\/div>\n\t\t\t\t<div class=\"elementor-element elementor-element-21a1aaa elementor-widget elementor-widget-heading\" data-id=\"21a1aaa\" data-element_type=\"widget\" data-e-type=\"widget\" data-widget_type=\"heading.default\">\n\t\t\t\t<div class=\"elementor-widget-container\">\n\t\t\t\t\t<div class=\"elementor-heading-title elementor-size-default\">Vorschl\u00e4ge<\/div>\t\t\t\t<\/div>\n\t\t\t\t<\/div>\n\t\t\t\t<div class=\"elementor-element elementor-element-fc0306a elementor-widget elementor-widget-spacer\" data-id=\"fc0306a\" data-element_type=\"widget\" data-e-type=\"widget\" data-widget_type=\"spacer.default\">\n\t\t\t\t<div class=\"elementor-widget-container\">\n\t\t\t\t\t\t\t<div class=\"elementor-spacer\">\n\t\t\t<div class=\"elementor-spacer-inner\"><\/div>\n\t\t<\/div>\n\t\t\t\t\t\t<\/div>\n\t\t\t\t<\/div>\n\t\t\t\t<div class=\"elementor-element elementor-element-02fe61b elementor-widget elementor-widget-heading\" data-id=\"02fe61b\" data-element_type=\"widget\" data-e-type=\"widget\" data-widget_type=\"heading.default\">\n\t\t\t\t<div class=\"elementor-widget-container\">\n\t\t\t\t\t<div class=\"elementor-heading-title elementor-size-default\">Unter dem Konzept \u201eMediterranean\u201c bieten wir 3 Degustationsmen\u00fcs an, die die authentischsten Geschmacksrichtungen Mallorcas, die lokalen Zutaten und die Aromen der K\u00fcche der vom Mittelmeer umsp\u00fclten Orte in Einklang bringen. <br>Jede dieser Optionen kann individuell kombiniert werden \u2013 Wein und unser K\u00e4sesortiment mit handgefertigten nationalen K\u00e4sesorten.<\/div>\t\t\t\t<\/div>\n\t\t\t\t<\/div>\n\t\t\t\t<div class=\"elementor-element elementor-element-62b57b3 elementor-widget elementor-widget-spacer\" data-id=\"62b57b3\" data-element_type=\"widget\" data-e-type=\"widget\" data-widget_type=\"spacer.default\">\n\t\t\t\t<div class=\"elementor-widget-container\">\n\t\t\t\t\t\t\t<div class=\"elementor-spacer\">\n\t\t\t<div class=\"elementor-spacer-inner\"><\/div>\n\t\t<\/div>\n\t\t\t\t\t\t<\/div>\n\t\t\t\t<\/div>\n\t\t\t\t<div class=\"elementor-element elementor-element-ee3a6b1 elementor-widget elementor-widget-spacer\" data-id=\"ee3a6b1\" data-element_type=\"widget\" data-e-type=\"widget\" data-widget_type=\"spacer.default\">\n\t\t\t\t<div class=\"elementor-widget-container\">\n\t\t\t\t\t\t\t<div class=\"elementor-spacer\">\n\t\t\t<div class=\"elementor-spacer-inner\"><\/div>\n\t\t<\/div>\n\t\t\t\t\t\t<\/div>\n\t\t\t\t<\/div>\n\t\t\t\t\t<\/div>\n\t\t<\/div>\n\t\t\t\t<div class=\"elementor-column elementor-col-33 elementor-top-column elementor-element elementor-element-67fc6fd elementor-hidden-tablet elementor-hidden-mobile\" data-id=\"67fc6fd\" data-element_type=\"column\" data-e-type=\"column\">\n\t\t\t<div class=\"elementor-widget-wrap\">\n\t\t\t\t\t\t\t<\/div>\n\t\t<\/div>\n\t\t\t\t\t<\/div>\n\t\t<\/section>\n\t\t\t\t<section class=\"elementor-section elementor-top-section elementor-element elementor-element-2d54f79 elementor-section-boxed elementor-section-height-default elementor-section-height-default\" data-id=\"2d54f79\" data-element_type=\"section\" data-e-type=\"section\">\n\t\t\t\t\t\t<div class=\"elementor-container elementor-column-gap-no\">\n\t\t\t\t\t<div class=\"elementor-column elementor-col-50 elementor-top-column elementor-element elementor-element-9f2a0d2\" data-id=\"9f2a0d2\" data-element_type=\"column\" data-e-type=\"column\">\n\t\t\t<div class=\"elementor-widget-wrap elementor-element-populated\">\n\t\t\t\t\t\t<section class=\"elementor-section elementor-inner-section elementor-element elementor-element-c8bd64f elementor-section-full_width elementor-section-content-middle elementor-section-height-default elementor-section-height-default\" data-id=\"c8bd64f\" data-element_type=\"section\" data-e-type=\"section\">\n\t\t\t\t\t\t<div class=\"elementor-container elementor-column-gap-default\">\n\t\t\t\t\t<div class=\"elementor-column elementor-col-50 elementor-inner-column elementor-element elementor-element-b2ab1fc\" data-id=\"b2ab1fc\" data-element_type=\"column\" data-e-type=\"column\">\n\t\t\t<div class=\"elementor-widget-wrap elementor-element-populated\">\n\t\t\t\t\t\t<div class=\"elementor-element elementor-element-deebb94 elementor-widget__width-auto elementor-widget elementor-widget-heading\" data-id=\"deebb94\" data-element_type=\"widget\" data-e-type=\"widget\" data-widget_type=\"heading.default\">\n\t\t\t\t<div class=\"elementor-widget-container\">\n\t\t\t\t\t<div class=\"elementor-heading-title elementor-size-default\">Mediterranean (9-G\u00e4nge)<\/div>\t\t\t\t<\/div>\n\t\t\t\t<\/div>\n\t\t\t\t<div class=\"elementor-element elementor-element-6048a01 elementor-widget elementor-widget-heading\" data-id=\"6048a01\" data-element_type=\"widget\" data-e-type=\"widget\" data-widget_type=\"heading.default\">\n\t\t\t\t<div class=\"elementor-widget-container\">\n\t\t\t\t\t<div class=\"elementor-heading-title elementor-size-default\">165\u20ac<\/div>\t\t\t\t<\/div>\n\t\t\t\t<\/div>\n\t\t\t\t\t<\/div>\n\t\t<\/div>\n\t\t\t\t<div class=\"elementor-column elementor-col-50 elementor-inner-column elementor-element elementor-element-56ae1bd\" data-id=\"56ae1bd\" data-element_type=\"column\" data-e-type=\"column\">\n\t\t\t<div class=\"elementor-widget-wrap elementor-element-populated\">\n\t\t\t\t\t\t<div class=\"elementor-element elementor-element-a0ae252 elementor-widget__width-auto elementor-widget elementor-widget-image\" data-id=\"a0ae252\" data-element_type=\"widget\" data-e-type=\"widget\" data-widget_type=\"image.default\">\n\t\t\t\t<div class=\"elementor-widget-container\">\n\t\t\t\t\t\t\t\t\t\t\t\t\t\t\t\t<a href=\"https:\/\/andreugenestra.com\/menus\/andreu-genestra-mediterranean-de.pdf\" target=\"_blank\">\n\t\t\t\t\t\t\t<img decoding=\"async\" width=\"71\" height=\"71\" src=\"https:\/\/andreugenestra.com\/wp-content\/uploads\/2023\/04\/arrowcirc-1.svg\" class=\"attachment-large size-large wp-image-5161\" alt=\"flecha hacia la derecha\" \/>\t\t\t\t\t\t\t\t<\/a>\n\t\t\t\t\t\t\t\t\t\t\t\t\t\t\t<\/div>\n\t\t\t\t<\/div>\n\t\t\t\t\t<\/div>\n\t\t<\/div>\n\t\t\t\t\t<\/div>\n\t\t<\/section>\n\t\t\t\t<section class=\"elementor-section elementor-inner-section elementor-element elementor-element-fbc26c1 elementor-section-content-middle elementor-section-full_width elementor-section-height-default elementor-section-height-default\" data-id=\"fbc26c1\" data-element_type=\"section\" data-e-type=\"section\">\n\t\t\t\t\t\t<div class=\"elementor-container elementor-column-gap-default\">\n\t\t\t\t\t<div class=\"elementor-column elementor-col-50 elementor-inner-column elementor-element elementor-element-197f2a8\" data-id=\"197f2a8\" data-element_type=\"column\" data-e-type=\"column\">\n\t\t\t<div class=\"elementor-widget-wrap elementor-element-populated\">\n\t\t\t\t\t\t<div class=\"elementor-element elementor-element-bfeb04b elementor-widget__width-auto elementor-widget elementor-widget-heading\" data-id=\"bfeb04b\" data-element_type=\"widget\" data-e-type=\"widget\" data-widget_type=\"heading.default\">\n\t\t\t\t<div class=\"elementor-widget-container\">\n\t\t\t\t\t<div class=\"elementor-heading-title elementor-size-default\">Mediterranean Extrem (11-G\u00e4nge)<\/div>\t\t\t\t<\/div>\n\t\t\t\t<\/div>\n\t\t\t\t<div class=\"elementor-element elementor-element-8a56f65 elementor-widget elementor-widget-heading\" data-id=\"8a56f65\" data-element_type=\"widget\" data-e-type=\"widget\" data-widget_type=\"heading.default\">\n\t\t\t\t<div class=\"elementor-widget-container\">\n\t\t\t\t\t<div class=\"elementor-heading-title elementor-size-default\">195\u20ac<\/div>\t\t\t\t<\/div>\n\t\t\t\t<\/div>\n\t\t\t\t\t<\/div>\n\t\t<\/div>\n\t\t\t\t<div class=\"elementor-column elementor-col-50 elementor-inner-column elementor-element elementor-element-8919097\" data-id=\"8919097\" data-element_type=\"column\" data-e-type=\"column\">\n\t\t\t<div class=\"elementor-widget-wrap elementor-element-populated\">\n\t\t\t\t\t\t<div class=\"elementor-element elementor-element-5abc5cb elementor-widget__width-auto elementor-widget elementor-widget-image\" data-id=\"5abc5cb\" data-element_type=\"widget\" data-e-type=\"widget\" data-widget_type=\"image.default\">\n\t\t\t\t<div class=\"elementor-widget-container\">\n\t\t\t\t\t\t\t\t\t\t\t\t\t\t\t\t<a href=\"https:\/\/andreugenestra.com\/menus\/andreu-genestra-mediterranean-extrem-de.pdf\" target=\"_blank\">\n\t\t\t\t\t\t\t<img decoding=\"async\" width=\"71\" height=\"71\" src=\"https:\/\/andreugenestra.com\/wp-content\/uploads\/2023\/04\/arrowcirc-1.svg\" class=\"attachment-large size-large wp-image-5161\" alt=\"flecha hacia la derecha\" \/>\t\t\t\t\t\t\t\t<\/a>\n\t\t\t\t\t\t\t\t\t\t\t\t\t\t\t<\/div>\n\t\t\t\t<\/div>\n\t\t\t\t\t<\/div>\n\t\t<\/div>\n\t\t\t\t\t<\/div>\n\t\t<\/section>\n\t\t\t\t\t<\/div>\n\t\t<\/div>\n\t\t\t\t<div class=\"elementor-column elementor-col-50 elementor-top-column elementor-element elementor-element-746fb74\" data-id=\"746fb74\" data-element_type=\"column\" data-e-type=\"column\">\n\t\t\t<div class=\"elementor-widget-wrap elementor-element-populated\">\n\t\t\t\t\t\t<section class=\"elementor-section elementor-inner-section elementor-element elementor-element-a752011 elementor-section-content-middle elementor-section-full_width elementor-section-height-default elementor-section-height-default\" data-id=\"a752011\" data-element_type=\"section\" data-e-type=\"section\">\n\t\t\t\t\t\t<div class=\"elementor-container elementor-column-gap-default\">\n\t\t\t\t\t<div class=\"elementor-column elementor-col-50 elementor-inner-column elementor-element elementor-element-2f2753f\" data-id=\"2f2753f\" data-element_type=\"column\" data-e-type=\"column\">\n\t\t\t<div class=\"elementor-widget-wrap elementor-element-populated\">\n\t\t\t\t\t\t<div class=\"elementor-element elementor-element-50417bb elementor-widget__width-auto elementor-widget elementor-widget-heading\" data-id=\"50417bb\" data-element_type=\"widget\" data-e-type=\"widget\" data-widget_type=\"heading.default\">\n\t\t\t\t<div class=\"elementor-widget-container\">\n\t\t\t\t\t<div class=\"elementor-heading-title elementor-size-default\">Mediterranean Gr\u00fcn (9-G\u00e4nge)<\/div>\t\t\t\t<\/div>\n\t\t\t\t<\/div>\n\t\t\t\t<div class=\"elementor-element elementor-element-67cce23 elementor-widget elementor-widget-heading\" data-id=\"67cce23\" data-element_type=\"widget\" data-e-type=\"widget\" data-widget_type=\"heading.default\">\n\t\t\t\t<div class=\"elementor-widget-container\">\n\t\t\t\t\t<div class=\"elementor-heading-title elementor-size-default\">165\u20ac<\/div>\t\t\t\t<\/div>\n\t\t\t\t<\/div>\n\t\t\t\t\t<\/div>\n\t\t<\/div>\n\t\t\t\t<div class=\"elementor-column elementor-col-50 elementor-inner-column elementor-element elementor-element-a07c112\" data-id=\"a07c112\" data-element_type=\"column\" data-e-type=\"column\">\n\t\t\t<div class=\"elementor-widget-wrap elementor-element-populated\">\n\t\t\t\t\t\t<div class=\"elementor-element elementor-element-29f64fd elementor-widget__width-auto elementor-widget elementor-widget-image\" data-id=\"29f64fd\" data-element_type=\"widget\" data-e-type=\"widget\" data-widget_type=\"image.default\">\n\t\t\t\t<div class=\"elementor-widget-container\">\n\t\t\t\t\t\t\t\t\t\t\t\t\t\t\t\t<a href=\"https:\/\/andreugenestra.com\/menus\/andreu-genestra-mediterranean-green-de.pdf\" target=\"_blank\">\n\t\t\t\t\t\t\t<img decoding=\"async\" width=\"71\" height=\"71\" src=\"https:\/\/andreugenestra.com\/wp-content\/uploads\/2023\/04\/arrowcirc-1.svg\" class=\"attachment-large size-large wp-image-5161\" alt=\"flecha hacia la derecha\" \/>\t\t\t\t\t\t\t\t<\/a>\n\t\t\t\t\t\t\t\t\t\t\t\t\t\t\t<\/div>\n\t\t\t\t<\/div>\n\t\t\t\t\t<\/div>\n\t\t<\/div>\n\t\t\t\t\t<\/div>\n\t\t<\/section>\n\t\t\t\t<section class=\"elementor-section elementor-inner-section elementor-element elementor-element-c84f508 elementor-section-content-middle elementor-section-full_width elementor-section-height-default elementor-section-height-default\" data-id=\"c84f508\" data-element_type=\"section\" data-e-type=\"section\">\n\t\t\t\t\t\t<div class=\"elementor-container elementor-column-gap-default\">\n\t\t\t\t\t<div class=\"elementor-column elementor-col-50 elementor-inner-column elementor-element elementor-element-c3c8fc4\" data-id=\"c3c8fc4\" data-element_type=\"column\" data-e-type=\"column\">\n\t\t\t<div class=\"elementor-widget-wrap elementor-element-populated\">\n\t\t\t\t\t\t<div class=\"elementor-element elementor-element-7966a2e elementor-widget__width-auto elementor-widget elementor-widget-heading\" data-id=\"7966a2e\" data-element_type=\"widget\" data-e-type=\"widget\" data-widget_type=\"heading.default\">\n\t\t\t\t<div class=\"elementor-widget-container\">\n\t\t\t\t\t<div class=\"elementor-heading-title elementor-size-default\">Kreieren Sie Ihr Mediterranean<\/div>\t\t\t\t<\/div>\n\t\t\t\t<\/div>\n\t\t\t\t<div class=\"elementor-element elementor-element-7d85b58 elementor-widget elementor-widget-heading\" data-id=\"7d85b58\" data-element_type=\"widget\" data-e-type=\"widget\" data-widget_type=\"heading.default\">\n\t\t\t\t<div class=\"elementor-widget-container\">\n\t\t\t\t\t<div class=\"elementor-heading-title elementor-size-default\">Drei M\u00f6glichkeiten: 145\u20ac<\/div>\t\t\t\t<\/div>\n\t\t\t\t<\/div>\n\t\t\t\t\t<\/div>\n\t\t<\/div>\n\t\t\t\t<div class=\"elementor-column elementor-col-50 elementor-inner-column elementor-element elementor-element-aaba1f5\" data-id=\"aaba1f5\" data-element_type=\"column\" data-e-type=\"column\">\n\t\t\t<div class=\"elementor-widget-wrap elementor-element-populated\">\n\t\t\t\t\t\t<div class=\"elementor-element elementor-element-7bb9a75 elementor-widget__width-auto elementor-widget elementor-widget-image\" data-id=\"7bb9a75\" data-element_type=\"widget\" data-e-type=\"widget\" data-widget_type=\"image.default\">\n\t\t\t\t<div class=\"elementor-widget-container\">\n\t\t\t\t\t\t\t\t\t\t\t\t\t\t\t\t<a href=\"https:\/\/andreugenestra.com\/menus\/andreu-genestra-carta-mediterranean-de.pdf\" target=\"_blank\">\n\t\t\t\t\t\t\t<img decoding=\"async\" width=\"71\" height=\"71\" src=\"https:\/\/andreugenestra.com\/wp-content\/uploads\/2023\/04\/arrowcirc-1.svg\" class=\"attachment-large size-large wp-image-5161\" alt=\"flecha hacia la derecha\" \/>\t\t\t\t\t\t\t\t<\/a>\n\t\t\t\t\t\t\t\t\t\t\t\t\t\t\t<\/div>\n\t\t\t\t<\/div>\n\t\t\t\t\t<\/div>\n\t\t<\/div>\n\t\t\t\t\t<\/div>\n\t\t<\/section>\n\t\t\t\t\t<\/div>\n\t\t<\/div>\n\t\t\t\t\t<\/div>\n\t\t<\/section>\n\t\t\t\t<\/div>\n\t\t","protected":false},"excerpt":{"rendered":"<p>Vorschl\u00e4ge Unter dem Konzept \u201eMediterranean\u201c bieten wir 3 Degustationsmen\u00fcs an, die die authentischsten Geschmacksrichtungen Mallorcas, die lokalen Zutaten und die Aromen der K\u00fcche der vom Mittelmeer umsp\u00fclten Orte in Einklang bringen. Jede dieser Optionen kann individuell kombiniert werden \u2013 Wein und unser K\u00e4sesortiment mit handgefertigten nationalen K\u00e4sesorten. Mediterranean (9-G\u00e4nge) 165\u20ac Mediterranean Extrem (11-G\u00e4nge) 195\u20ac Mediterranean [&hellip;]<\/p>\n","protected":false},"author":1,"featured_media":0,"parent":0,"menu_order":0,"comment_status":"closed","ping_status":"closed","template":"elementor_header_footer","meta":{"footnotes":""},"class_list":["post-4604","page","type-page","status-publish","hentry"],"yoast_head":"<!-- This site is optimized with the Yoast SEO plugin v27.1.1 - https:\/\/yoast.com\/product\/yoast-seo-wordpress\/ -->\n<title>Mediterranean, gastronomische Vorschl\u00e4ge, ANDREU GENESTRA<\/title>\n<meta name=\"description\" content=\"Das Restaurant Andreu Genestra bietet das Mediterranean Konzept Degustationsmen\u00fcs an, die die authentischsten Aromen Mallorcas vereinen.\" \/>\n<meta name=\"robots\" content=\"index, follow, max-snippet:-1, max-image-preview:large, max-video-preview:-1\" \/>\n<link rel=\"canonical\" href=\"https:\/\/andreugenestra.com\/de\/vorschlage\/\" \/>\n<meta property=\"og:locale\" content=\"de_DE\" \/>\n<meta property=\"og:type\" content=\"article\" \/>\n<meta property=\"og:title\" content=\"Mediterranean, gastronomische Vorschl\u00e4ge, ANDREU GENESTRA\" \/>\n<meta property=\"og:description\" content=\"Das Restaurant Andreu Genestra bietet das Mediterranean Konzept Degustationsmen\u00fcs an, die die authentischsten Aromen Mallorcas vereinen.\" \/>\n<meta property=\"og:url\" content=\"https:\/\/andreugenestra.com\/de\/vorschlage\/\" \/>\n<meta property=\"og:site_name\" content=\"Andreu Genestra\" \/>\n<meta property=\"article:modified_time\" content=\"2026-03-16T08:55:04+00:00\" \/>\n<meta name=\"twitter:card\" content=\"summary_large_image\" \/>\n<meta name=\"twitter:label1\" content=\"Gesch\u00e4tzte Lesezeit\" \/>\n\t<meta name=\"twitter:data1\" content=\"2\u00a0Minuten\" \/>\n<script type=\"application\/ld+json\" class=\"yoast-schema-graph\">{\"@context\":\"https:\/\/schema.org\",\"@graph\":[{\"@type\":\"WebPage\",\"@id\":\"https:\/\/andreugenestra.com\/de\/vorschlage\/\",\"url\":\"https:\/\/andreugenestra.com\/de\/vorschlage\/\",\"name\":\"Mediterranean, gastronomische Vorschl\u00e4ge, ANDREU GENESTRA\",\"isPartOf\":{\"@id\":\"https:\/\/andreugenestra.com\/#website\"},\"primaryImageOfPage\":{\"@id\":\"https:\/\/andreugenestra.com\/de\/vorschlage\/#primaryimage\"},\"image\":{\"@id\":\"https:\/\/andreugenestra.com\/de\/vorschlage\/#primaryimage\"},\"thumbnailUrl\":\"https:\/\/andreugenestra.com\/wp-content\/uploads\/2023\/04\/arrowcirc-1.svg\",\"datePublished\":\"2023-03-22T12:22:59+00:00\",\"dateModified\":\"2026-03-16T08:55:04+00:00\",\"description\":\"Das Restaurant Andreu Genestra bietet das Mediterranean Konzept Degustationsmen\u00fcs an, die die authentischsten Aromen Mallorcas vereinen.\",\"breadcrumb\":{\"@id\":\"https:\/\/andreugenestra.com\/de\/vorschlage\/#breadcrumb\"},\"inLanguage\":\"de\",\"potentialAction\":[{\"@type\":\"ReadAction\",\"target\":[\"https:\/\/andreugenestra.com\/de\/vorschlage\/\"]}]},{\"@type\":\"ImageObject\",\"inLanguage\":\"de\",\"@id\":\"https:\/\/andreugenestra.com\/de\/vorschlage\/#primaryimage\",\"url\":\"https:\/\/andreugenestra.com\/wp-content\/uploads\/2023\/04\/arrowcirc-1.svg\",\"contentUrl\":\"https:\/\/andreugenestra.com\/wp-content\/uploads\/2023\/04\/arrowcirc-1.svg\"},{\"@type\":\"BreadcrumbList\",\"@id\":\"https:\/\/andreugenestra.com\/de\/vorschlage\/#breadcrumb\",\"itemListElement\":[{\"@type\":\"ListItem\",\"position\":1,\"name\":\"Portada\",\"item\":\"https:\/\/andreugenestra.com\/\"},{\"@type\":\"ListItem\",\"position\":2,\"name\":\"Vorschl\u00e4ge\"}]},{\"@type\":\"WebSite\",\"@id\":\"https:\/\/andreugenestra.com\/#website\",\"url\":\"https:\/\/andreugenestra.com\/\",\"name\":\"Andreu Genestra\",\"description\":\"Mediterranean\",\"publisher\":{\"@id\":\"https:\/\/andreugenestra.com\/#organization\"},\"potentialAction\":[{\"@type\":\"SearchAction\",\"target\":{\"@type\":\"EntryPoint\",\"urlTemplate\":\"https:\/\/andreugenestra.com\/?s={search_term_string}\"},\"query-input\":{\"@type\":\"PropertyValueSpecification\",\"valueRequired\":true,\"valueName\":\"search_term_string\"}}],\"inLanguage\":\"de\"},{\"@type\":\"Organization\",\"@id\":\"https:\/\/andreugenestra.com\/#organization\",\"name\":\"Andreu Genestra\",\"url\":\"https:\/\/andreugenestra.com\/\",\"logo\":{\"@type\":\"ImageObject\",\"inLanguage\":\"de\",\"@id\":\"https:\/\/andreugenestra.com\/#\/schema\/logo\/image\/\",\"url\":\"https:\/\/andreugenestra.com\/wp-content\/uploads\/2023\/01\/logo-color.svg\",\"contentUrl\":\"https:\/\/andreugenestra.com\/wp-content\/uploads\/2023\/01\/logo-color.svg\",\"width\":335,\"height\":154,\"caption\":\"Andreu Genestra\"},\"image\":{\"@id\":\"https:\/\/andreugenestra.com\/#\/schema\/logo\/image\/\"}}]}<\/script>\n<!-- \/ Yoast SEO plugin. -->","yoast_head_json":{"title":"Mediterranean, gastronomische Vorschl\u00e4ge, ANDREU GENESTRA","description":"Das Restaurant Andreu Genestra bietet das Mediterranean Konzept Degustationsmen\u00fcs an, die die authentischsten Aromen Mallorcas vereinen.","robots":{"index":"index","follow":"follow","max-snippet":"max-snippet:-1","max-image-preview":"max-image-preview:large","max-video-preview":"max-video-preview:-1"},"canonical":"https:\/\/andreugenestra.com\/de\/vorschlage\/","og_locale":"de_DE","og_type":"article","og_title":"Mediterranean, gastronomische Vorschl\u00e4ge, ANDREU GENESTRA","og_description":"Das Restaurant Andreu Genestra bietet das Mediterranean Konzept Degustationsmen\u00fcs an, die die authentischsten Aromen Mallorcas vereinen.","og_url":"https:\/\/andreugenestra.com\/de\/vorschlage\/","og_site_name":"Andreu Genestra","article_modified_time":"2026-03-16T08:55:04+00:00","twitter_card":"summary_large_image","twitter_misc":{"Gesch\u00e4tzte Lesezeit":"2\u00a0Minuten"},"schema":{"@context":"https:\/\/schema.org","@graph":[{"@type":"WebPage","@id":"https:\/\/andreugenestra.com\/de\/vorschlage\/","url":"https:\/\/andreugenestra.com\/de\/vorschlage\/","name":"Mediterranean, gastronomische Vorschl\u00e4ge, ANDREU GENESTRA","isPartOf":{"@id":"https:\/\/andreugenestra.com\/#website"},"primaryImageOfPage":{"@id":"https:\/\/andreugenestra.com\/de\/vorschlage\/#primaryimage"},"image":{"@id":"https:\/\/andreugenestra.com\/de\/vorschlage\/#primaryimage"},"thumbnailUrl":"https:\/\/andreugenestra.com\/wp-content\/uploads\/2023\/04\/arrowcirc-1.svg","datePublished":"2023-03-22T12:22:59+00:00","dateModified":"2026-03-16T08:55:04+00:00","description":"Das Restaurant Andreu Genestra bietet das Mediterranean Konzept Degustationsmen\u00fcs an, die die authentischsten Aromen Mallorcas vereinen.","breadcrumb":{"@id":"https:\/\/andreugenestra.com\/de\/vorschlage\/#breadcrumb"},"inLanguage":"de","potentialAction":[{"@type":"ReadAction","target":["https:\/\/andreugenestra.com\/de\/vorschlage\/"]}]},{"@type":"ImageObject","inLanguage":"de","@id":"https:\/\/andreugenestra.com\/de\/vorschlage\/#primaryimage","url":"https:\/\/andreugenestra.com\/wp-content\/uploads\/2023\/04\/arrowcirc-1.svg","contentUrl":"https:\/\/andreugenestra.com\/wp-content\/uploads\/2023\/04\/arrowcirc-1.svg"},{"@type":"BreadcrumbList","@id":"https:\/\/andreugenestra.com\/de\/vorschlage\/#breadcrumb","itemListElement":[{"@type":"ListItem","position":1,"name":"Portada","item":"https:\/\/andreugenestra.com\/"},{"@type":"ListItem","position":2,"name":"Vorschl\u00e4ge"}]},{"@type":"WebSite","@id":"https:\/\/andreugenestra.com\/#website","url":"https:\/\/andreugenestra.com\/","name":"Andreu Genestra","description":"Mediterranean","publisher":{"@id":"https:\/\/andreugenestra.com\/#organization"},"potentialAction":[{"@type":"SearchAction","target":{"@type":"EntryPoint","urlTemplate":"https:\/\/andreugenestra.com\/?s={search_term_string}"},"query-input":{"@type":"PropertyValueSpecification","valueRequired":true,"valueName":"search_term_string"}}],"inLanguage":"de"},{"@type":"Organization","@id":"https:\/\/andreugenestra.com\/#organization","name":"Andreu Genestra","url":"https:\/\/andreugenestra.com\/","logo":{"@type":"ImageObject","inLanguage":"de","@id":"https:\/\/andreugenestra.com\/#\/schema\/logo\/image\/","url":"https:\/\/andreugenestra.com\/wp-content\/uploads\/2023\/01\/logo-color.svg","contentUrl":"https:\/\/andreugenestra.com\/wp-content\/uploads\/2023\/01\/logo-color.svg","width":335,"height":154,"caption":"Andreu Genestra"},"image":{"@id":"https:\/\/andreugenestra.com\/#\/schema\/logo\/image\/"}}]}},"_links":{"self":[{"href":"https:\/\/andreugenestra.com\/de\/wp-json\/wp\/v2\/pages\/4604","targetHints":{"allow":["GET"]}}],"collection":[{"href":"https:\/\/andreugenestra.com\/de\/wp-json\/wp\/v2\/pages"}],"about":[{"href":"https:\/\/andreugenestra.com\/de\/wp-json\/wp\/v2\/types\/page"}],"author":[{"embeddable":true,"href":"https:\/\/andreugenestra.com\/de\/wp-json\/wp\/v2\/users\/1"}],"replies":[{"embeddable":true,"href":"https:\/\/andreugenestra.com\/de\/wp-json\/wp\/v2\/comments?post=4604"}],"version-history":[{"count":54,"href":"https:\/\/andreugenestra.com\/de\/wp-json\/wp\/v2\/pages\/4604\/revisions"}],"predecessor-version":[{"id":7577,"href":"https:\/\/andreugenestra.com\/de\/wp-json\/wp\/v2\/pages\/4604\/revisions\/7577"}],"wp:attachment":[{"href":"https:\/\/andreugenestra.com\/de\/wp-json\/wp\/v2\/media?parent=4604"}],"curies":[{"name":"wp","href":"https:\/\/api.w.org\/{rel}","templated":true}]}}