{"id":6645,"date":"2025-10-28T07:14:15","date_gmt":"2025-10-28T07:14:15","guid":{"rendered":"https:\/\/andreugenestra.com\/?post_type=product&#038;p=6645"},"modified":"2025-10-29T09:26:02","modified_gmt":"2025-10-29T09:26:02","slug":"menu-mediterranean","status":"publish","type":"product","link":"https:\/\/andreugenestra.com\/de\/producto\/menu-mediterranean\/","title":{"rendered":"Men\u00fa Mediterranean"},"content":{"rendered":"","protected":false},"excerpt":{"rendered":"<p><strong>Der Gutschein ist zw\u00f6lf Monate ab dem Kaufdatum g\u00fcltig.<br \/>\n<\/strong>Der Preis bleibt unver\u00e4ndert, wenn er in derselben Saison des Jahres eingel\u00f6st wird; wird er jedoch in der folgenden Saison eingel\u00f6st, gilt die entsprechende Preiserh\u00f6hung.<\/p>\n","protected":false},"featured_media":5281,"template":"","meta":[],"product_brand":[],"product_cat":[107],"product_tag":[],"class_list":{"0":"post-6645","1":"product","2":"type-product","3":"status-publish","4":"has-post-thumbnail","6":"product_cat-menu-mediterranean-de","8":"first","9":"instock","10":"shipping-taxable","11":"purchasable","12":"product-type-variable"},"yoast_head":"<!-- This site is optimized with the Yoast SEO plugin v27.1.1 - https:\/\/yoast.com\/product\/yoast-seo-wordpress\/ -->\n<title>Men\u00fa Mediterranean - Andreu Genestra<\/title>\n<meta name=\"robots\" content=\"index, follow, max-snippet:-1, max-image-preview:large, max-video-preview:-1\" \/>\n<link rel=\"canonical\" href=\"https:\/\/andreugenestra.com\/de\/producto\/menu-mediterranean\/\" \/>\n<meta property=\"og:locale\" content=\"de_DE\" \/>\n<meta property=\"og:type\" content=\"article\" \/>\n<meta property=\"og:title\" content=\"Men\u00fa Mediterranean - Andreu Genestra\" \/>\n<meta property=\"og:description\" content=\"Der Gutschein ist zw\u00f6lf Monate ab dem Kaufdatum g\u00fcltig. Der Preis bleibt unver\u00e4ndert, wenn er in derselben Saison des Jahres eingel\u00f6st wird; wird er jedoch in der folgenden Saison eingel\u00f6st, gilt die entsprechende Preiserh\u00f6hung.\" \/>\n<meta property=\"og:url\" content=\"https:\/\/andreugenestra.com\/de\/producto\/menu-mediterranean\/\" \/>\n<meta property=\"og:site_name\" content=\"Andreu Genestra\" \/>\n<meta property=\"article:modified_time\" content=\"2025-10-29T09:26:02+00:00\" \/>\n<meta property=\"og:image\" content=\"https:\/\/andreugenestra.com\/wp-content\/uploads\/2023\/01\/bono.jpg\" \/>\n\t<meta property=\"og:image:width\" content=\"300\" \/>\n\t<meta property=\"og:image:height\" content=\"450\" \/>\n\t<meta property=\"og:image:type\" content=\"image\/jpeg\" \/>\n<meta name=\"twitter:card\" content=\"summary_large_image\" \/>\n<script type=\"application\/ld+json\" class=\"yoast-schema-graph\">{\"@context\":\"https:\/\/schema.org\",\"@graph\":[{\"@type\":\"WebPage\",\"@id\":\"https:\/\/andreugenestra.com\/de\/producto\/menu-mediterranean\/\",\"url\":\"https:\/\/andreugenestra.com\/de\/producto\/menu-mediterranean\/\",\"name\":\"Men\u00fa Mediterranean - Andreu Genestra\",\"isPartOf\":{\"@id\":\"https:\/\/andreugenestra.com\/#website\"},\"primaryImageOfPage\":{\"@id\":\"https:\/\/andreugenestra.com\/de\/producto\/menu-mediterranean\/#primaryimage\"},\"image\":{\"@id\":\"https:\/\/andreugenestra.com\/de\/producto\/menu-mediterranean\/#primaryimage\"},\"thumbnailUrl\":\"https:\/\/andreugenestra.com\/wp-content\/uploads\/2023\/01\/bono.jpg\",\"datePublished\":\"2025-10-28T07:14:15+00:00\",\"dateModified\":\"2025-10-29T09:26:02+00:00\",\"breadcrumb\":{\"@id\":\"https:\/\/andreugenestra.com\/de\/producto\/menu-mediterranean\/#breadcrumb\"},\"inLanguage\":\"de\",\"potentialAction\":[{\"@type\":\"ReadAction\",\"target\":[\"https:\/\/andreugenestra.com\/de\/producto\/menu-mediterranean\/\"]}]},{\"@type\":\"ImageObject\",\"inLanguage\":\"de\",\"@id\":\"https:\/\/andreugenestra.com\/de\/producto\/menu-mediterranean\/#primaryimage\",\"url\":\"https:\/\/andreugenestra.com\/wp-content\/uploads\/2023\/01\/bono.jpg\",\"contentUrl\":\"https:\/\/andreugenestra.com\/wp-content\/uploads\/2023\/01\/bono.jpg\",\"width\":300,\"height\":450,\"caption\":\"bono regalo andreu genestra\"},{\"@type\":\"BreadcrumbList\",\"@id\":\"https:\/\/andreugenestra.com\/de\/producto\/menu-mediterranean\/#breadcrumb\",\"itemListElement\":[{\"@type\":\"ListItem\",\"position\":1,\"name\":\"Portada\",\"item\":\"https:\/\/andreugenestra.com\/\"},{\"@type\":\"ListItem\",\"position\":2,\"name\":\"Shop\",\"item\":\"https:\/\/andreugenestra.com\/de\/shop\/\"},{\"@type\":\"ListItem\",\"position\":3,\"name\":\"Men\u00fa Mediterranean\"}]},{\"@type\":\"WebSite\",\"@id\":\"https:\/\/andreugenestra.com\/#website\",\"url\":\"https:\/\/andreugenestra.com\/\",\"name\":\"Andreu Genestra\",\"description\":\"Mediterranean\",\"publisher\":{\"@id\":\"https:\/\/andreugenestra.com\/#organization\"},\"potentialAction\":[{\"@type\":\"SearchAction\",\"target\":{\"@type\":\"EntryPoint\",\"urlTemplate\":\"https:\/\/andreugenestra.com\/?s={search_term_string}\"},\"query-input\":{\"@type\":\"PropertyValueSpecification\",\"valueRequired\":true,\"valueName\":\"search_term_string\"}}],\"inLanguage\":\"de\"},{\"@type\":\"Organization\",\"@id\":\"https:\/\/andreugenestra.com\/#organization\",\"name\":\"Andreu Genestra\",\"url\":\"https:\/\/andreugenestra.com\/\",\"logo\":{\"@type\":\"ImageObject\",\"inLanguage\":\"de\",\"@id\":\"https:\/\/andreugenestra.com\/#\/schema\/logo\/image\/\",\"url\":\"https:\/\/andreugenestra.com\/wp-content\/uploads\/2023\/01\/logo-color.svg\",\"contentUrl\":\"https:\/\/andreugenestra.com\/wp-content\/uploads\/2023\/01\/logo-color.svg\",\"width\":335,\"height\":154,\"caption\":\"Andreu Genestra\"},\"image\":{\"@id\":\"https:\/\/andreugenestra.com\/#\/schema\/logo\/image\/\"}}]}<\/script>\n<!-- \/ Yoast SEO plugin. -->","yoast_head_json":{"title":"Men\u00fa Mediterranean - Andreu Genestra","robots":{"index":"index","follow":"follow","max-snippet":"max-snippet:-1","max-image-preview":"max-image-preview:large","max-video-preview":"max-video-preview:-1"},"canonical":"https:\/\/andreugenestra.com\/de\/producto\/menu-mediterranean\/","og_locale":"de_DE","og_type":"article","og_title":"Men\u00fa Mediterranean - Andreu Genestra","og_description":"Der Gutschein ist zw\u00f6lf Monate ab dem Kaufdatum g\u00fcltig. Der Preis bleibt unver\u00e4ndert, wenn er in derselben Saison des Jahres eingel\u00f6st wird; wird er jedoch in der folgenden Saison eingel\u00f6st, gilt die entsprechende Preiserh\u00f6hung.","og_url":"https:\/\/andreugenestra.com\/de\/producto\/menu-mediterranean\/","og_site_name":"Andreu Genestra","article_modified_time":"2025-10-29T09:26:02+00:00","og_image":[{"width":300,"height":450,"url":"https:\/\/andreugenestra.com\/wp-content\/uploads\/2023\/01\/bono.jpg","type":"image\/jpeg"}],"twitter_card":"summary_large_image","schema":{"@context":"https:\/\/schema.org","@graph":[{"@type":"WebPage","@id":"https:\/\/andreugenestra.com\/de\/producto\/menu-mediterranean\/","url":"https:\/\/andreugenestra.com\/de\/producto\/menu-mediterranean\/","name":"Men\u00fa Mediterranean - Andreu Genestra","isPartOf":{"@id":"https:\/\/andreugenestra.com\/#website"},"primaryImageOfPage":{"@id":"https:\/\/andreugenestra.com\/de\/producto\/menu-mediterranean\/#primaryimage"},"image":{"@id":"https:\/\/andreugenestra.com\/de\/producto\/menu-mediterranean\/#primaryimage"},"thumbnailUrl":"https:\/\/andreugenestra.com\/wp-content\/uploads\/2023\/01\/bono.jpg","datePublished":"2025-10-28T07:14:15+00:00","dateModified":"2025-10-29T09:26:02+00:00","breadcrumb":{"@id":"https:\/\/andreugenestra.com\/de\/producto\/menu-mediterranean\/#breadcrumb"},"inLanguage":"de","potentialAction":[{"@type":"ReadAction","target":["https:\/\/andreugenestra.com\/de\/producto\/menu-mediterranean\/"]}]},{"@type":"ImageObject","inLanguage":"de","@id":"https:\/\/andreugenestra.com\/de\/producto\/menu-mediterranean\/#primaryimage","url":"https:\/\/andreugenestra.com\/wp-content\/uploads\/2023\/01\/bono.jpg","contentUrl":"https:\/\/andreugenestra.com\/wp-content\/uploads\/2023\/01\/bono.jpg","width":300,"height":450,"caption":"bono regalo andreu genestra"},{"@type":"BreadcrumbList","@id":"https:\/\/andreugenestra.com\/de\/producto\/menu-mediterranean\/#breadcrumb","itemListElement":[{"@type":"ListItem","position":1,"name":"Portada","item":"https:\/\/andreugenestra.com\/"},{"@type":"ListItem","position":2,"name":"Shop","item":"https:\/\/andreugenestra.com\/de\/shop\/"},{"@type":"ListItem","position":3,"name":"Men\u00fa Mediterranean"}]},{"@type":"WebSite","@id":"https:\/\/andreugenestra.com\/#website","url":"https:\/\/andreugenestra.com\/","name":"Andreu Genestra","description":"Mediterranean","publisher":{"@id":"https:\/\/andreugenestra.com\/#organization"},"potentialAction":[{"@type":"SearchAction","target":{"@type":"EntryPoint","urlTemplate":"https:\/\/andreugenestra.com\/?s={search_term_string}"},"query-input":{"@type":"PropertyValueSpecification","valueRequired":true,"valueName":"search_term_string"}}],"inLanguage":"de"},{"@type":"Organization","@id":"https:\/\/andreugenestra.com\/#organization","name":"Andreu Genestra","url":"https:\/\/andreugenestra.com\/","logo":{"@type":"ImageObject","inLanguage":"de","@id":"https:\/\/andreugenestra.com\/#\/schema\/logo\/image\/","url":"https:\/\/andreugenestra.com\/wp-content\/uploads\/2023\/01\/logo-color.svg","contentUrl":"https:\/\/andreugenestra.com\/wp-content\/uploads\/2023\/01\/logo-color.svg","width":335,"height":154,"caption":"Andreu Genestra"},"image":{"@id":"https:\/\/andreugenestra.com\/#\/schema\/logo\/image\/"}}]}},"_links":{"self":[{"href":"https:\/\/andreugenestra.com\/de\/wp-json\/wp\/v2\/product\/6645","targetHints":{"allow":["GET"]}}],"collection":[{"href":"https:\/\/andreugenestra.com\/de\/wp-json\/wp\/v2\/product"}],"about":[{"href":"https:\/\/andreugenestra.com\/de\/wp-json\/wp\/v2\/types\/product"}],"wp:featuredmedia":[{"embeddable":true,"href":"https:\/\/andreugenestra.com\/de\/wp-json\/wp\/v2\/media\/5281"}],"wp:attachment":[{"href":"https:\/\/andreugenestra.com\/de\/wp-json\/wp\/v2\/media?parent=6645"}],"wp:term":[{"taxonomy":"product_brand","embeddable":true,"href":"https:\/\/andreugenestra.com\/de\/wp-json\/wp\/v2\/product_brand?post=6645"},{"taxonomy":"product_cat","embeddable":true,"href":"https:\/\/andreugenestra.com\/de\/wp-json\/wp\/v2\/product_cat?post=6645"},{"taxonomy":"product_tag","embeddable":true,"href":"https:\/\/andreugenestra.com\/de\/wp-json\/wp\/v2\/product_tag?post=6645"}],"curies":[{"name":"wp","href":"https:\/\/api.w.org\/{rel}","templated":true}]}}